{"id":14,"date":"2022-10-30T09:39:52","date_gmt":"2022-10-30T09:39:52","guid":{"rendered":"https:\/\/www.micentrocomercial.es\/terrassa-valles\/aviso-legal\/"},"modified":"2026-02-13T15:53:25","modified_gmt":"2026-02-13T15:53:25","slug":"aviso-legal","status":"publish","type":"page","link":"https:\/\/www.micentrocomercial.es\/terrassa-valles\/aviso-legal\/","title":{"rendered":"Condiciones de Uso"},"content":{"rendered":"\t\t<div data-elementor-type=\"wp-page\" data-elementor-id=\"14\" class=\"elementor elementor-14\" data-elementor-post-type=\"page\">\n\t\t\t\t\t\t<section class=\"elementor-section elementor-top-section elementor-element elementor-element-1f31894f elementor-section-boxed elementor-section-height-default elementor-section-height-default\" data-id=\"1f31894f\" data-element_type=\"section\" data-e-type=\"section\">\n\t\t\t\t\t\t<div class=\"elementor-container elementor-column-gap-default\">\n\t\t\t\t\t<div class=\"elementor-column elementor-col-100 elementor-top-column elementor-element elementor-element-63ca9ccd\" data-id=\"63ca9ccd\" data-element_type=\"column\" data-e-type=\"column\">\n\t\t\t<div class=\"elementor-widget-wrap elementor-element-populated\">\n\t\t\t\t\t\t<div class=\"elementor-element elementor-element-28187475 elementor-widget elementor-widget-text-editor\" data-id=\"28187475\" data-element_type=\"widget\" data-e-type=\"widget\" data-widget_type=\"text-editor.default\">\n\t\t\t\t<div class=\"elementor-widget-container\">\n\t\t\t\t\t\t\t\t\t<p>CARMILA ESPA\u00d1A S.L. (en adelante tambi\u00e9n, CARMILA ESPA\u00d1A), con domicilio Avda. de la Transici\u00f3n Espa\u00f1ola, 34 Edificio B &#8211; Planta 4\u00aa (Parque Empresarial Omega) &#8211; 28108 Alcobendas (Madrid) y con C.I.F. B86772837, inscrita en el Registro Mercantil de Madrid, al Tomo 32246, Secci\u00f3n 8, Hoja M 563021, como titular del CENTRO COMERCIAL TERRASSA VALL\u00c9S y de la p\u00e1gina web <a href=\"https:\/\/www.micentrocomercial.es\/terrassa-valles\">https:\/\/www.micentrocomercial.es\/terrassa-valles<\/a> (en adelante, la P\u00e1gina web).<\/p><h3>2. Condiciones de uso<\/h3><p>Estas condiciones de uso regulan el acceso y la utilizaci\u00f3n libre de la P\u00e1gina web alojada bajo el nombre de dominio <a href=\"https:\/\/www.micentrocomercial.es\/terrassa-valles\">https:\/\/www.micentrocomercial.es\/terrassa-valles<\/a>. El acceso o utilizaci\u00f3n de la P\u00e1gina web implican la aceptaci\u00f3n por parte del Usuario de las presentes Condiciones de Uso.<\/p><h3>3. Usos no permitidos<\/h3><p>Como Usuario de la P\u00e1gina web le informamos que est\u00e1 PROHIBIDO y, por tanto, sus consecuencias ser\u00e1n de su exclusiva responsabilidad, el acceso o la utilizaci\u00f3n de la P\u00e1gina web con fines ilegales o no autorizados, con o sin finalidad econ\u00f3mica, y, en concreto, y sin que el siguiente listado tenga car\u00e1cter absoluto, queda prohibido:<\/p><ol><li>Hacer un uso de la P\u00e1gina web de forma ilegal, o de cualquier otro modo por el cual se pueda da\u00f1ar, sobrecargar o perjudicar al propio sitio.<\/li><li>Introducir virus inform\u00e1ticos, archivos defectuosos, o alojar, almacenar, distribuir o compartir cualquier otro material o programa inform\u00e1tico que pueda provocar da\u00f1os o alteraciones en los contenidos, programas o sistemas de la P\u00e1gina web.<\/li><li>Usar o revender con fines comerciales no autorizados los contenidos incluidos en la P\u00e1gina web sin contar con la previa autorizaci\u00f3n de CARMILA ESPA\u00d1A.<\/li><li>CARMILA ESPA\u00d1A estar\u00e1 legitimada para adoptar las medidas necesarias en caso de incumplimiento de lo previsto en la presente cl\u00e1usula, ya lo realice a su exclusivo criterio, ya a petici\u00f3n de tercero afectado o de autoridad competente. La adopci\u00f3n de dichas medidas no dar\u00e1 derecho a ninguna indemnizaci\u00f3n.<\/li><\/ol><h3>4. Utilizaci\u00f3n de la P\u00e1gina web: responsabilidades<\/h3><p>El Usuario es enteramente responsable del acceso y correcto uso de la P\u00e1gina web con sujeci\u00f3n a la legalidad vigente en Espa\u00f1a, as\u00ed como a los principios de buena fe, a la moral y al orden p\u00fablico, y con el compromiso de observar diligentemente cualquier instrucci\u00f3n que, en relaci\u00f3n con dicho uso y acceso, pudiera serle proporcionada por CARMILA ESPA\u00d1A de conformidad con lo previsto en las presentes Condiciones de Uso.<\/p><p>El Usuario est\u00e1 obligado a hacer un uso razonable de la P\u00e1gina web y sus contenidos, seg\u00fan las posibilidades y fines para los que est\u00e1 concebido.<\/p><p>El Usuario es el \u00fanico responsable de la informaci\u00f3n, opiniones, alusiones o contenidos de cualquier tipo que pueda comunicar a trav\u00e9s de la P\u00e1gina web.<\/p><h3>5. Protecci\u00f3n de datos de car\u00e1cter personal<\/h3><p>La recogida y tratamiento de los datos personales suministrados por el Usuario as\u00ed como el ejercicio de los derechos de \u00e9ste sobre dichos datos, se regir\u00e1n por la <a href=\"https:\/\/www.micentrocomercial.es\/terrassa-valles\/politica-de-privacidad\">Pol\u00edtica de Privacidad<\/a> de la P\u00e1gina web.<\/p><h3>6. Exenci\u00f3n de responsabilidad<\/h3><p><strong>6.1. Por los contenidos facilitados por Usuarios<\/strong><\/p><p>Si alguno de los contenidos, archivos, informaciones, publicidad, opiniones, conceptos e im\u00e1genes alojados en la P\u00e1gina web fueran contarios a la ley, la moral, la buena fe y al orden p\u00fablico o contienen cualquier tipo de virus inform\u00e1tico o rutina de software similar se proceder\u00e1 a su retirada.<\/p><p>CARMILA ESPA\u00d1A no se hace responsable de los contenidos, archivos, informaciones, publicidad, opiniones, conceptos e im\u00e1genes que no dependan de la P\u00e1gina web, ni sean gestionados por CARMILA ESPA\u00d1A.<\/p><p>CARMILA ESPA\u00d1A no asumir\u00e1 ninguna responsabilidad, ya sea directa o indirecta, derivada del mal uso de la P\u00e1gina web o sus contenidos por parte del Usuario asumiendo \u00e9ste, en todo caso, bajo su exclusiva responsabilidad, las consecuencias, da\u00f1os o acciones que pudieran derivarse de su acceso o uso de la P\u00e1gina web o de los contenidos alojados, as\u00ed como de su reproducci\u00f3n o comunicaci\u00f3n.<\/p><p><strong>6.2. Por los contenidos alojados en p\u00e1ginas accesibles desde la P\u00e1gina web<\/strong><\/p><p>CARMILA ESPA\u00d1A no se hace responsable de ninguno de los contenidos, archivos, informaciones, publicidad, opiniones, conceptos e im\u00e1genes que se emitan, publiquen o distribuyan directa e indirectamente a trav\u00e9s de cualquier web interconectada a la que se acceda a trav\u00e9s de la P\u00e1gina web por medio de links, o cualquiera de los servicios que se vinculen o relacionen a este Sitio interconectado.<\/p><p>Igualmente, CARMILA ESPA\u00d1A excluye su responsabilidad por los servicios, bienes o productos que puedan ser adquiridos o contratados a terceros a trav\u00e9s de un acceso en la P\u00e1gina web, especialmente en aquellos casos en los que el proceso de compra o contrataci\u00f3n se realiza directamente en la pagina web del tercero y aunque aparezcan distintivos o un \u00abframe\u00bb con los elementos gr\u00e1ficos de la p\u00e1gina web (Branding).<\/p><p><strong>6.3. Por el funcionamiento de la P\u00e1gina web<\/strong><\/p><p>CARMILA ESPA\u00d1A presta sus servicios y contenidos de forma continuada empleando todos los medios t\u00e9cnicos a su alcance para realizar dicha prestaci\u00f3n de forma satisfactoria.<\/p><p>CARMILA ESPA\u00d1A podr\u00e1, cuando lo considere conveniente, realizar correcciones, mejoras o modificaciones en la informaci\u00f3n contenida en la P\u00e1gina web, en los servicios, o en los contenidos sin que ello de lugar, ni derecho a ninguna reclamaci\u00f3n o indemnizaci\u00f3n, ni implique reconocimiento de responsabilidad alguna.<\/p><p>CARMILA ESPA\u00d1A no se hace responsable por los da\u00f1os y perjuicios de toda naturaleza que pudieran derivarse de la disponibilidad y continuidad t\u00e9cnica del funcionamiento de la P\u00e1gina web. En cualquier caso, CARMILA ESPA\u00d1A llevar\u00e1 a cabo todas las actuaciones necesarias para reestablecer sus servicios en caso de fallo t\u00e9cnico.<\/p><h3>7. Propiedad intelectual e industrial<\/h3><p>CARMILA ESPA\u00d1A como titular de la obra colectiva en que consiste la P\u00e1gina web, es el titular de todos los derechos de propiedad industrial e intelectual sobre la misma.<\/p><p>Est\u00e1 prohibida cualquier forma de reproducci\u00f3n, distribuci\u00f3n, comunicaci\u00f3n p\u00fablica, transformaci\u00f3n y, en general, cualquier acto de explotaci\u00f3n de la totalidad o parte de los contenidos (im\u00e1genes, textos, dise\u00f1os, \u00edndices, formas, etc.) que integran la P\u00e1gina web, as\u00ed como de las bases de datos (derecho sui generis) y del software necesario para la visualizaci\u00f3n o el funcionamiento del mismo (incluidos c\u00f3digos fuente), que no cuente con la expresa y previa autorizaci\u00f3n escrita de CARMILA ESPA\u00d1A.<\/p><p>El Usuario no podr\u00e1, en ning\u00fan caso, explotar o servirse comercialmente, de forma directa o indirecta, total o parcial, de ninguno de los contenidos (im\u00e1genes, textos, dise\u00f1os, \u00edndices, formas, etc.) que conformen la P\u00e1gina web sin la autorizaci\u00f3n previa y por escrito de CARMILA ESPA\u00d1A.<\/p><p>Todos los contenidos, sin exclusi\u00f3n y de forma no limitativa, que forman parte de la P\u00e1gina web, es decir, informaciones, art\u00edculos, datos, textos, logos, iconos, im\u00e1genes, dise\u00f1o e imagen de la P\u00e1gina web (apariencia externa o \u00ablook and feel\u00bb), ficheros de video, ficheros de audio, bases de datos, aplicaciones inform\u00e1ticas, son propiedad de CARMILA ESPA\u00d1A o est\u00e1 explotado bajo licencia de terceros titulares de los derechos de propiedad intelectual y\/o industrial de los mencionados contenidos. Estos est\u00e1n protegidos por las leyes de propiedad intelectual e industrial vigentes.<\/p><p>Todas las marcas y logotipos de CARMILA ESPA\u00d1A a los que se alude en la P\u00e1gina web son marcas comerciales o marcas registradas de CARMILA ESPA\u00d1A.<\/p><h3>8. Cambios y modificaciones de las condiciones<\/h3><p>CARMILA ESPA\u00d1A podr\u00e1, en cualquier momento, modificar las presentes condiciones o introducir nuevas condiciones de uso, bastando para ello comunicarlo a trav\u00e9s de la P\u00e1gina web.<\/p><p>En el supuesto de que sobrevenga una acci\u00f3n regulatoria, medida legal o reglamentaria que, a juicio razonable de CARMILA ESPA\u00d1A, proh\u00edba, restrinja sustancialmente o haga comercialmente inviable la prestaci\u00f3n del servicio, CARMILA ESPA\u00d1A estar\u00e1 habilitada para: (i) modificar el servicio o los t\u00e9rminos y cl\u00e1usulas del presente Contrato con la finalidad de adaptarse a la nueva situaci\u00f3n, (ii) resolver el Contrato.<\/p><p>CARMILA ESPA\u00d1A estar\u00e1 exento de cualquier responsabilidad derivada de las acciones descritas en esta cl\u00e1usula, al publicar las modificaciones en la P\u00e1gina web.<\/p><h3>9. Ley aplicable y jurisdicci\u00f3n<\/h3><p>La normativa vigente determinar\u00e1 las leyes que deban regir y la jurisdicci\u00f3n que deba conocer de las relaciones entre CARMILA ESPA\u00d1A y el Usuario la P\u00e1gina web. Ello no obstante, en aquellos casos en los que dicha normativa vigente prevea la posibilidad para las partes de someterse a un fuero determinado, CARMILA ESPA\u00d1A y el Usuario, con renuncia expresa a cualquier otro fuero que pudiera corresponderles, se someten a los Juzgados y Tribunales de la ciudad de Madrid.<\/p>\t\t\t\t\t\t\t\t<\/div>\n\t\t\t\t<\/div>\n\t\t\t\t\t<\/div>\n\t\t<\/div>\n\t\t\t\t\t<\/div>\n\t\t<\/section>\n\t\t\t\t<\/div>\n\t\t","protected":false},"excerpt":{"rendered":"<p>CARMILA ESPA\u00d1A S.L. (en adelante tambi\u00e9n, CARMILA ESPA\u00d1A), con domicilio Avda. de la Transici\u00f3n Espa\u00f1ola, 34 Edificio B &#8211; Planta 4\u00aa (Parque Empresarial Omega) &#8211; 28108 Alcobendas (Madrid) y con C.I.F. B86772837, inscrita en el Registro Mercantil de Madrid, al Tomo 32246, Secci\u00f3n 8, Hoja M 563021, como titular del CENTRO COMERCIAL TERRASSA VALL\u00c9S y [&hellip;]<\/p>\n","protected":false},"author":1,"featured_media":0,"parent":0,"menu_order":0,"comment_status":"closed","ping_status":"closed","template":"","meta":{"footnotes":""},"class_list":["post-14","page","type-page","status-publish","hentry"],"_links":{"self":[{"href":"https:\/\/www.micentrocomercial.es\/terrassa-valles\/wp-json\/wp\/v2\/pages\/14","targetHints":{"allow":["GET"]}}],"collection":[{"href":"https:\/\/www.micentrocomercial.es\/terrassa-valles\/wp-json\/wp\/v2\/pages"}],"about":[{"href":"https:\/\/www.micentrocomercial.es\/terrassa-valles\/wp-json\/wp\/v2\/types\/page"}],"author":[{"embeddable":true,"href":"https:\/\/www.micentrocomercial.es\/terrassa-valles\/wp-json\/wp\/v2\/users\/1"}],"replies":[{"embeddable":true,"href":"https:\/\/www.micentrocomercial.es\/terrassa-valles\/wp-json\/wp\/v2\/comments?post=14"}],"version-history":[{"count":10,"href":"https:\/\/www.micentrocomercial.es\/terrassa-valles\/wp-json\/wp\/v2\/pages\/14\/revisions"}],"predecessor-version":[{"id":1025,"href":"https:\/\/www.micentrocomercial.es\/terrassa-valles\/wp-json\/wp\/v2\/pages\/14\/revisions\/1025"}],"wp:attachment":[{"href":"https:\/\/www.micentrocomercial.es\/terrassa-valles\/wp-json\/wp\/v2\/media?parent=14"}],"curies":[{"name":"wp","href":"https:\/\/api.w.org\/{rel}","templated":true}]}}