{"id":12,"date":"2022-10-30T09:39:52","date_gmt":"2022-10-30T09:39:52","guid":{"rendered":"https:\/\/www.micentrocomercial.es\/terrassa-valles\/contacto\/"},"modified":"2024-02-14T15:41:02","modified_gmt":"2024-02-14T15:41:02","slug":"contacto","status":"publish","type":"page","link":"https:\/\/www.micentrocomercial.es\/terrassa-valles\/contacto\/","title":{"rendered":"Contacto"},"content":{"rendered":"<div class=\"wpb-content-wrapper\"><div class=\"vc_row wpb_row vc_row-fluid\"><div class=\"wpb_column vc_column_container vc_col-sm-4\"><div class=\"vc_column-inner\"><div class=\"wpb_wrapper\">\n\t<div class=\"wpb_text_column wpb_content_element\" >\n\t\t<div class=\"wpb_wrapper\">\n\t\t\t<p>\n<img decoding=\"async\" class=\"aligncenter size-full\" src=\"https:\/\/www.micentrocomercial.es\/wp-content\/themes\/restyling\/images\/cabecera-contacto.png\" alt=\"Contacto\" \/><\/p>\n\n\t\t<\/div>\n\t<\/div>\n\n\t<div class=\"wpb_raw_code wpb_raw_html wpb_content_element\" >\n\t\t<div class=\"wpb_wrapper\">\n\t\t\t<div style=\"padding:20px; border-radius:20px; background:linear-gradient(90deg, rgba(255,41,132,1) 0%, rgba(255,85,113,1) 25%, rgba(255,109,102,1) 65%, rgba(255,169,60,1) 100%); color:#fff\"><h3>CONTACTO<\/h3><p style=\"font-size:1.2rem\">es_comunicacion@carmila.com <br \/> 916 635 544<\/p><\/div>\n\t\t<\/div>\n\t<\/div>\n<\/div><\/div><\/div><div class=\"wpb_column vc_column_container vc_col-sm-8\"><div class=\"vc_column-inner\"><div class=\"wpb_wrapper\">\n\t<div class=\"wpb_text_column wpb_content_element\" >\n\t\t<div class=\"wpb_wrapper\">\n\t\t\t<h1 class=\"entry-title\">CONTACTO<\/h1>\n<h3>Env\u00edanos tus sugerencias y peticiones<\/h3>\n<p style=\"font-size: 1.2rem;\">Tu opini\u00f3n nos interesa mucho. Gracias a ella podemos ofrecerte un mejor servicio para que este centro comercial sea de tu completo agrado.<\/p>\n\n\t\t<\/div>\n\t<\/div>\n\n\t<div class=\"wpb_text_column wpb_content_element\" >\n\t\t<div class=\"wpb_wrapper\">\n\t\t\t\n<div class=\"wpcf7 no-js\" id=\"wpcf7-f86-o1\" lang=\"es-ES\" dir=\"ltr\" data-wpcf7-id=\"86\">\n<div class=\"screen-reader-response\"><p role=\"status\" aria-live=\"polite\" aria-atomic=\"true\"><\/p> <ul><\/ul><\/div>\n<form action=\"\/terrassa-valles\/wp-json\/wp\/v2\/pages\/12#wpcf7-f86-o1\" method=\"post\" class=\"wpcf7-form init\" aria-label=\"Formulario de contacto\" novalidate=\"novalidate\" data-status=\"init\">\n<fieldset class=\"hidden-fields-container\"><input type=\"hidden\" name=\"_wpcf7\" value=\"86\" \/><input type=\"hidden\" name=\"_wpcf7_version\" value=\"6.1.5\" \/><input type=\"hidden\" name=\"_wpcf7_locale\" value=\"es_ES\" \/><input type=\"hidden\" name=\"_wpcf7_unit_tag\" value=\"wpcf7-f86-o1\" \/><input type=\"hidden\" name=\"_wpcf7_container_post\" value=\"0\" \/><input type=\"hidden\" name=\"_wpcf7_posted_data_hash\" value=\"\" \/><input type=\"hidden\" name=\"_wpcf7_recaptcha_response\" value=\"\" \/>\n<\/fieldset>\n<div class=\"row\">\n\t<div class=\"col-sm-6\">\n\t\t<div class=\"mb-3\">\n\t\t\t<p><span class=\"wpcf7-form-control-wrap\" data-name=\"your-name\"><input size=\"40\" maxlength=\"400\" class=\"wpcf7-form-control wpcf7-text wpcf7-validates-as-required form-control\" aria-required=\"true\" aria-invalid=\"false\" placeholder=\"Nombre (*)\" value=\"\" type=\"text\" name=\"your-name\" \/><\/span>\n\t\t\t<\/p>\n\t\t<\/div>\n\t\t<div class=\"mb-3\">\n\t\t\t<p><span class=\"wpcf7-form-control-wrap\" data-name=\"your-email\"><input size=\"40\" maxlength=\"400\" class=\"wpcf7-form-control wpcf7-email wpcf7-validates-as-required wpcf7-text wpcf7-validates-as-email form-control\" aria-required=\"true\" aria-invalid=\"false\" placeholder=\"Email (*)\" value=\"\" type=\"email\" name=\"your-email\" \/><\/span>\n\t\t\t<\/p>\n\t\t<\/div>\n\t\t<div class=\"mb-3\">\n\t\t\t<p><span class=\"wpcf7-form-control-wrap\" data-name=\"your-subject\"><input size=\"40\" maxlength=\"400\" class=\"wpcf7-form-control wpcf7-text wpcf7-validates-as-required form-control\" aria-required=\"true\" aria-invalid=\"false\" placeholder=\"Asunto (*)\" value=\"\" type=\"text\" name=\"your-subject\" \/><\/span>\n\t\t\t<\/p>\n\t\t<\/div>\n\t<\/div>\n\t<div class=\"col-sm-6\">\n\t\t<div class=\"mb-3\">\n\t\t\t<p><span class=\"wpcf7-form-control-wrap\" data-name=\"your-message\"><textarea cols=\"40\" rows=\"6\" maxlength=\"2000\" class=\"wpcf7-form-control wpcf7-textarea form-control\" aria-invalid=\"false\" placeholder=\"Escribe aqu\u00ed tu mensaje...\" name=\"your-message\"><\/textarea><\/span>\n\t\t\t<\/p>\n\t\t<\/div>\n\t<\/div>\n<\/div>\n<p><span class=\"wpcf7-form-control-wrap\" data-name=\"rgpd\"><span class=\"wpcf7-form-control wpcf7-acceptance\"><span class=\"wpcf7-list-item\"><label><input type=\"checkbox\" name=\"rgpd\" value=\"1\" aria-invalid=\"false\" \/><span class=\"wpcf7-list-item-label\">Al marcar esta casilla <strong>consiento<\/strong> el tratamiento de mis datos personales para resolver mis dudas, consultas, quejas o sugerencias a trav\u00e9s de los medios ofrecidos al respecto por Carmila conforme se indica en esta <strong><a href=\"https:\/\/www.micentrocomercial.es\/terrassa-valles\/politica-de-privacidad\/\" target=\"_blank\">pol\u00edtica de privacidad<\/a><\/strong><\/span><\/label><\/span><\/span><\/span>\n<\/p>\n<p><input class=\"wpcf7-form-control wpcf7-submit has-spinner btn btn-primary mb-3\" type=\"submit\" value=\"Enviar\" \/>\n<\/p><div class=\"wpcf7-response-output\" aria-hidden=\"true\"><\/div>\n<\/form>\n<\/div>\n\n\n\t\t<\/div>\n\t<\/div>\n<\/div><\/div><\/div><\/div><div class=\"vc_row wpb_row vc_row-fluid\"><div class=\"wpb_column vc_column_container vc_col-sm-12\"><div class=\"vc_column-inner\"><div class=\"wpb_wrapper\">\n\t<div class=\"wpb_text_column wpb_content_element\" >\n\t\t<div class=\"wpb_wrapper\">\n\t\t\t<p><\/p>\n\n\t\t<\/div>\n\t<\/div>\n<\/div><\/div><\/div><\/div><div class=\"vc_row wpb_row vc_row-fluid\"><div class=\"wpb_column vc_column_container vc_col-sm-12\"><div class=\"vc_column-inner\"><div class=\"wpb_wrapper\">\n\t<div class=\"wpb_text_column wpb_content_element\" >\n\t\t<div class=\"wpb_wrapper\">\n\t\t\t<div style=\"font-size: 0.9rem;\">\n<p><strong>Informaci\u00f3n b\u00e1sica sobre protecci\u00f3n de datos:<\/strong><\/p>\n<ul>\n<li><strong>Responsable: <\/strong>Responsable Carmila Espa\u00f1a, S.L.U.,(\u00abCarmila\u00bb) con direcci\u00f3n en Avda. de la Transici\u00f3n Espa\u00f1ola, 34 Edificio B &#8211; Planta 4\u00aa (Parque Empresarial Omega) &#8211; 28108 Alcobendas (Madrid) y C.I.F. B-86772837<\/li>\n<li><strong>Categor\u00eda de datos: <\/strong>Datos de contacto y de car\u00e1cter identificativo y otros datos que Usted nos proporcione.<\/li>\n<li><strong>Finalidad: <\/strong>Gesti\u00f3n de sus dudas, sugerencias, consultas y opiniones.<\/li>\n<li><strong>Legitimaci\u00f3n: <\/strong>El consentimiento es la base legitimadora para el tratamiento de sus datos personales con el fin de resolver cualesquiera dudas, sugerencias o informaci\u00f3n adicional que tuviera en relaci\u00f3n con nuestra actividad.<\/li>\n<li><strong>Destinatarios (y transferencias internacionales): <\/strong>No cedemos los datos que nos facilita con ning\u00fan tercero ni son objeto de ninguna transferencia internacional.<\/li>\n<li><strong>Derechos: <\/strong>Puede ejercitar sus derechos de acceso, rectificaci\u00f3n, supresi\u00f3n, portabilidad y limitaci\u00f3n del tratamiento ante el responsable del tratamiento. Asimismo, podr\u00e1 revocar su consentimiento en cualquier momento mediante comunicaci\u00f3n dirigi\u00e9ndose al apartado de correos 1002, CP 28108, Alcobendas (Madrid) y mediante correo electr\u00f3nico a la siguiente direcci\u00f3n: derechosprotecciondedatos@carrefour.com<\/li>\n<li><strong>Procedencia: <\/strong>Solo tratamos los datos personales que Usted nos facilite.<\/li>\n<li><strong>Informaci\u00f3n adicional: <\/strong>Puede encontrar m\u00e1s informaci\u00f3n en el enlace: <a href=\"https:\/\/www.micentrocomercial.es\/terrassa-valles\/politica-de-privacidad\/\" target=\"_blank\" rel=\"noopener\">pol\u00edtica de privacidad<\/a>.<\/li>\n<\/ul>\n<\/div>\n\n\t\t<\/div>\n\t<\/div>\n<\/div><\/div><\/div><\/div>\n<\/div>","protected":false},"excerpt":{"rendered":"CONTACTOes_comunicacion@carmila.com 916 635 544 CONTACTO Env\u00edanos tus sugerencias y peticiones Tu opini\u00f3n nos interesa mucho. Gracias a ella podemos ofrecerte un mejor servicio para que este centro comercial sea de tu completo agrado. Al marcar esta casilla consiento el tratamiento de mis datos personales para resolver mis dudas, consultas, quejas o sugerencias a trav\u00e9s de [...]","protected":false},"author":1,"featured_media":0,"parent":0,"menu_order":0,"comment_status":"closed","ping_status":"closed","template":"","meta":{"footnotes":""},"class_list":["post-12","page","type-page","status-publish","hentry"],"_links":{"self":[{"href":"https:\/\/www.micentrocomercial.es\/terrassa-valles\/wp-json\/wp\/v2\/pages\/12","targetHints":{"allow":["GET"]}}],"collection":[{"href":"https:\/\/www.micentrocomercial.es\/terrassa-valles\/wp-json\/wp\/v2\/pages"}],"about":[{"href":"https:\/\/www.micentrocomercial.es\/terrassa-valles\/wp-json\/wp\/v2\/types\/page"}],"author":[{"embeddable":true,"href":"https:\/\/www.micentrocomercial.es\/terrassa-valles\/wp-json\/wp\/v2\/users\/1"}],"replies":[{"embeddable":true,"href":"https:\/\/www.micentrocomercial.es\/terrassa-valles\/wp-json\/wp\/v2\/comments?post=12"}],"version-history":[{"count":4,"href":"https:\/\/www.micentrocomercial.es\/terrassa-valles\/wp-json\/wp\/v2\/pages\/12\/revisions"}],"predecessor-version":[{"id":346,"href":"https:\/\/www.micentrocomercial.es\/terrassa-valles\/wp-json\/wp\/v2\/pages\/12\/revisions\/346"}],"wp:attachment":[{"href":"https:\/\/www.micentrocomercial.es\/terrassa-valles\/wp-json\/wp\/v2\/media?parent=12"}],"curies":[{"name":"wp","href":"https:\/\/api.w.org\/{rel}","templated":true}]}}