{"id":14,"date":"2022-10-30T09:39:52","date_gmt":"2022-10-30T09:39:52","guid":{"rendered":"https:\/\/www.micentrocomercial.es\/terrassa-valles\/aviso-legal\/"},"modified":"2026-02-13T15:53:25","modified_gmt":"2026-02-13T15:53:25","slug":"aviso-legal","status":"publish","type":"page","link":"https:\/\/www.micentrocomercial.es\/terrassa-valles\/cat\/aviso-legal\/","title":{"rendered":"Condicions d'\u00fas"},"content":{"rendered":"<div data-elementor-type=\"wp-page\" data-elementor-id=\"14\" class=\"elementor elementor-14\" data-elementor-post-type=\"page\">\n\t\t\t\t\t\t<section class=\"elementor-section elementor-top-section elementor-element elementor-element-1f31894f elementor-section-boxed elementor-section-height-default elementor-section-height-default\" data-id=\"1f31894f\" data-element_type=\"section\" data-e-type=\"section\">\n\t\t\t\t\t\t<div class=\"elementor-container elementor-column-gap-default\">\n\t\t\t\t\t<div class=\"elementor-column elementor-col-100 elementor-top-column elementor-element elementor-element-63ca9ccd\" data-id=\"63ca9ccd\" data-element_type=\"column\" data-e-type=\"column\">\n\t\t\t<div class=\"elementor-widget-wrap elementor-element-populated\">\n\t\t\t\t\t\t<div class=\"elementor-element elementor-element-28187475 elementor-widget elementor-widget-text-editor\" data-id=\"28187475\" data-element_type=\"widget\" data-e-type=\"widget\" data-widget_type=\"text-editor.default\">\n\t\t\t\t<div class=\"elementor-widget-container\">\n\t\t\t\t\t\t\t\t\t<p>CARMILA ESPA\u00d1A S.L. (en adelante tambi\u00e9n, CARMILA ESPA\u00d1A), con domicilio Avda. de la Transici\u00f3n Espa\u00f1ola, 34 Edificio B &#8211; Planta 4\u00aa (Parque Empresarial Omega) &#8211; 28108 Alcobendas (Madrid) y con C.I.F. B86772837, inscrita en el Registro Mercantil de Madrid, al Tomo 32246, Secci\u00f3n 8, Hoja M 563021, como titular del CENTRO COMERCIAL TERRASSA VALL\u00c9S y de la p\u00e1gina web <a href=\"https:\/\/www.micentrocomercial.es\/terrassa-valles\/cat\/terrassa-valles\/\">https:\/\/www.micentrocomercial.es\/terrassa-valles<\/a> (d'ara endavant, la P\u00e0gina web).<\/p><h3>2. Condicions d'\u00fas<\/h3><p>Aquestes condicions d\u201f\u00fas regulen l\u201facc\u00e9s i la utilitzaci\u00f3 lliure de la P\u00e0gina web allotjada sota el nom de domini <a href=\"https:\/\/www.micentrocomercial.es\/terrassa-valles\/cat\/terrassa-valles\/\">https:\/\/www.micentrocomercial.es\/terrassa-valles<\/a>. El acceso o utilizaci\u00f3n de la P\u00e1gina web implican la aceptaci\u00f3n por parte del Usuario de las presentes Condiciones de Uso.<\/p><h3>3. Usos no permesos<\/h3><p>Com a Usuari de la P\u00e0gina web us informem que est\u00e0 PROHIBIT i, per tant, les seves conseq\u00fc\u00e8ncies seran de la seva exclusiva responsabilitat, l'acc\u00e9s o la utilitzaci\u00f3 de la P\u00e0gina web amb fins il\u00b7legals o no autoritzats, amb finalitat econ\u00f2mica o sense, i, en concret , i sense que el seg\u00fcent llistat tingui car\u00e0cter absolut, queda prohibit:<\/p><ol><li>Fer un \u00fas de la P\u00e0gina web de forma il\u00b7legal, o de qualsevol altra manera per la qual es pugui danyar, sobrecarregar o perjudicar el mateix lloc.<\/li><li>Introduir virus inform\u00e0tics, fitxers defectuosos, o allotjar, emmagatzemar, distribuir o compartir qualsevol altre material o programa inform\u00e0tic que pugui provocar danys o alteracions en els continguts, programes o sistemes de la p\u00e0gina web.<\/li><li>Usar o revendre amb fins comercials no autoritzats els continguts inclosos a la P\u00e0gina web sense comptar amb la pr\u00e8via autoritzaci\u00f3 de CARMILA ESPA\u00d1A.<\/li><li>CARMILA ESPA\u00d1A estar\u00e0 legitimada per adoptar les mesures necess\u00e0ries en cas d'incompliment del que preveu aquesta cl\u00e0usula, ja ho faci al seu exclusiu criteri, ja a petici\u00f3 de tercer afectat o d'autoritat competent. L'adopci\u00f3 de les mesures esmentades no d\u00f3na dret a cap indemnitzaci\u00f3.<\/li><\/ol><h3>4. Utilitzaci\u00f3 de la p\u00e0gina web: responsabilitats<\/h3><p>L'Usuari \u00e9s enterament responsable de l'acc\u00e9s i \u00fas correcte de la P\u00e0gina web amb subjecci\u00f3 a la legalitat vigent a Espanya, aix\u00ed com als principis de bona fe, a la moral ia l'ordre p\u00fablic, i amb el comprom\u00eds d'observar diligentment qualsevol instrucci\u00f3 que , en relaci\u00f3 amb aquest \u00fas i acc\u00e9s, pogu\u00e9s ser-li proporcionada per CARMILA ESPA\u00d1A de conformitat amb el que preveuen aquestes Condicions d'\u00das.<\/p><p>L'Usuari est\u00e0 obligat a fer un \u00fas raonable de la p\u00e0gina web i els seus continguts, segons les possibilitats i fins per als quals est\u00e0 concebut.<\/p><p>L'Usuari \u00e9s l'\u00fanic responsable de la informaci\u00f3, opinions, al\u00b7lusions o continguts de qualsevol mena que pugui comunicar a trav\u00e9s de la P\u00e0gina web.<\/p><h3>5. Protecci\u00f3 de dades de car\u00e0cter personal<\/h3><p>La recollida i el tractament de les dades personals subministrades per l'Usuari aix\u00ed com l'exercici dels drets d'aquest sobre aquestes dades, es regiran per la <a href=\"https:\/\/www.micentrocomercial.es\/terrassa-valles\/cat\/politica-de-privacidad\/\">Pol\u00edtica de Privacitat<\/a> de la P\u00e0gina web.<\/p><h3>6. Exempci\u00f3 de responsabilitat<\/h3><p><strong>6.1. Pels continguts facilitats per Usuaris<\/strong><\/p><p>Si algun dels continguts, arxius, informacions, publicitat, opinions, conceptes i imatges allotjats a la P\u00e0gina web fossin contaris a la llei, la moral, la bona fe i l'ordre p\u00fablic o contenen qualsevol tipus de virus inform\u00e0tic o rutina de programari similar se'n retirar\u00e0.<\/p><p>CARMILA ESPA\u00d1A no es fa responsable dels continguts, arxius, informacions, publicitat, opinions, conceptes i imatges que no depenguin de la p\u00e0gina web, ni siguin gestionats per CARMILA ESPA\u00d1A.<\/p><p>CARMILA ESPA\u00d1A no assumir\u00e0 cap responsabilitat, ja sigui directa o indirecta, derivada del mal \u00fas de la P\u00e0gina web o els seus continguts per part de l'Usuari assumint aquest, en tot cas, sota la seva responsabilitat exclusiva, les conseq\u00fc\u00e8ncies, danys o accions que poguessin derivar-se de l'acc\u00e9s o l'\u00fas de la p\u00e0gina web o dels continguts allotjats, aix\u00ed com de la seva reproducci\u00f3 o comunicaci\u00f3.<\/p><p><strong>6.2. Pels continguts allotjats en p\u00e0gines accessibles des de la p\u00e0gina web<\/strong><\/p><p>CARMILA ESPA\u00d1A no es fa responsable de cap dels continguts, arxius, informacions, publicitat, opinions, conceptes i imatges que s'emetin, publiquin o distribueixin directament i indirectament a trav\u00e9s de qualsevol web interconnectat al qual s'accedeixi a trav\u00e9s de la P\u00e0gina web per mitj\u00e0 de links, o qualsevol dels serveis que es vinculin o relacionin a aquest Lloc interconnectat.<\/p><p>Igualment, CARMILA ESPA\u00d1A exclou la seva responsabilitat pels serveis, b\u00e9ns o productes que puguin ser adquirits o contractats a tercers a trav\u00e9s d'un acc\u00e9s a la p\u00e0gina web, especialment en aquells casos en qu\u00e8 el proc\u00e9s de compra o contractaci\u00f3 es realitza directament a la p\u00e0gina web del tercer i encara que apareguin distintius o un \u00abframe\u00bb amb els elements gr\u00e0fics de la p\u00e0gina web (Branding).<\/p><p><strong>6.3. Pel funcionament de la P\u00e0gina web<\/strong><\/p><p>CARMILA ESPA\u00d1A presta els seus serveis i continguts de forma continuada emprant tots els mitjans t\u00e8cnics al seu abast per fer aquesta prestaci\u00f3 de forma satisfact\u00f2ria.<\/p><p>CARMILA ESPA\u00d1A podr\u00e0, quan ho consideri convenient, realitzar correccions, millores o modificacions en la informaci\u00f3 continguda a la p\u00e0gina web, als serveis, o als continguts sense que aix\u00f2 de lloc, ni dret a cap reclamaci\u00f3 o indemnitzaci\u00f3, ni impliqui reconeixement de cap responsabilitat.<\/p><p>CARMILA ESPA\u00d1A no es fa responsable dels danys i perjudicis de tota naturalesa que poguessin derivar-se de la disponibilitat i continu\u00eftat t\u00e8cnica del funcionament de la p\u00e0gina web. En qualsevol cas, CARMILA ESPA\u00d1A dur\u00e0 a terme totes les actuacions necess\u00e0ries per restablir els seus serveis en cas de fallada t\u00e8cnica.<\/p><h3>7. Propietat intel\u00b7lectual i industrial<\/h3><p>CARMILA ESPA\u00d1A com a titular de l'obra col\u00b7lectiva en qu\u00e8 consisteix la P\u00e0gina web, \u00e9s el titular de tots els drets de propietat industrial i intel\u00b7lectual sobre aquesta.<\/p><p>Est\u00e0 prohibida qualsevol forma de reproducci\u00f3, distribuci\u00f3, comunicaci\u00f3 p\u00fablica, transformaci\u00f3 i, en general, qualsevol acte d'explotaci\u00f3 de la totalitat o part dels continguts (imatges, textos, dissenys, \u00edndexs, formes, etc.) que integren la p\u00e0gina web, aix\u00ed com de les bases de dades (dret sui generis) i del programari necessari per a la visualitzaci\u00f3 o el seu funcionament (inclosos codis font), que no compti amb l'expressa i pr\u00e8via autoritzaci\u00f3 escrita de CARMILA ESPA\u00d1A.<\/p><p>L'Usuari no podr\u00e0, en cap cas, explotar o servir comercialment, de forma directa o indirecta, total o parcial, de cap dels continguts (imatges, textos, dissenys, \u00edndexs, formes, etc.) que conformin la P\u00e0gina web sense la autoritzaci\u00f3 pr\u00e8via i per escrit de CARMILA ESPA\u00d1A.<\/p><p>Tots els continguts, sense exclusi\u00f3 i de manera no limitativa, que formen part de la P\u00e0gina web, \u00e9s a dir, informacions, articles, dades, textos, logos, icones, imatges, disseny i imatge de la P\u00e0gina web (aparen\u00e7a externa o \u00ablook and feel\u00bb), fitxers de v\u00eddeo, fitxers d'\u00e0udio, bases de dades, aplicacions inform\u00e0tiques, s\u00f3n propietat de CARMILA ESPA\u00d1A o est\u00e0 explotat sota llic\u00e8ncia de tercers titulars dels drets de propietat intel\u00b7lectual i\/o industrial dels continguts esmentats. Aquests estan protegits per les lleis de propietat intel\u00b7lectual i industrial vigents.<\/p><p>Totes les marques i logotips de CARMILA ESPA\u00d1A a qu\u00e8 s'al\u00b7ludeix a la P\u00e0gina web s\u00f3n marques comercials o marques registrades de CARMILA ESPA\u00d1A.<\/p><h3>8. Canvis i modificacions de les condicions<\/h3><p>CARMILA ESPA\u00d1A podr\u00e0, en qualsevol moment, modificar les presents condicions o introduir noves condicions d'\u00fas, n'hi haur\u00e0 prou per comunicar-ho a trav\u00e9s de la p\u00e0gina web.<\/p><p>En cas que sobrevingui una acci\u00f3 reguladora, mesura legal o reglament\u00e0ria que, segons el parer raonable de CARMILA ESPANYA, prohibeixi, restringeixi substancialment o faci comercialment inviable la prestaci\u00f3 del servei, CARMILA ESPANYA estar\u00e0 habilitada per a: (i) modificar el servei o els termes i cl\u00e0usules del present Contracte amb la finalitat dadaptar-se a la nova situaci\u00f3, (ii) resoldre el Contracte.<\/p><p>CARMILA ESPA\u00d1A estar\u00e0 exempt de qualsevol responsabilitat derivada de les accions descrites en aquesta cl\u00e0usula, en publicar les modificacions a la p\u00e0gina web.<\/p><h3>9. Llei aplicable i jurisdicci\u00f3<\/h3><p>La normativa vigent determinar\u00e0 les lleis que hagin de regir i la jurisdicci\u00f3 que hagi de con\u00e8ixer de les relacions entre CARMILA ESPA\u00d1A i l'usuari la p\u00e0gina web. No obstant aix\u00f2, en aquells casos en qu\u00e8 aquesta normativa vigent prevegi la possibilitat per a les parts de sotmetre's a un fur determinat, CARMILA ESPA\u00d1A i l'Usuari, amb ren\u00fancia expressa a qualsevol altre fur que els pogu\u00e9s correspondre, se sotmeten als Jutjats i Tribunals de la ciutat de Madrid.<\/p>\t\t\t\t\t\t\t\t<\/div>\n\t\t\t\t<\/div>\n\t\t\t\t\t<\/div>\n\t\t<\/div>\n\t\t\t\t\t<\/div>\n\t\t<\/section>\n\t\t\t\t<\/div>","protected":false},"excerpt":{"rendered":"<p>CARMILA ESPA\u00d1A S.L. (en adelante tambi\u00e9n, CARMILA ESPA\u00d1A), con domicilio Avda. de la Transici\u00f3n Espa\u00f1ola, 34 Edificio B &#8211; Planta 4\u00aa (Parque Empresarial Omega) &#8211; 28108 Alcobendas (Madrid) y con C.I.F. B86772837, inscrita en el Registro Mercantil de Madrid, al Tomo 32246, Secci\u00f3n 8, Hoja M 563021, como titular del CENTRO COMERCIAL TERRASSA VALL\u00c9S y [&hellip;]<\/p>\n","protected":false},"author":1,"featured_media":0,"parent":0,"menu_order":0,"comment_status":"closed","ping_status":"closed","template":"","meta":{"footnotes":""},"class_list":["post-14","page","type-page","status-publish","hentry"],"_links":{"self":[{"href":"https:\/\/www.micentrocomercial.es\/terrassa-valles\/cat\/wp-json\/wp\/v2\/pages\/14","targetHints":{"allow":["GET"]}}],"collection":[{"href":"https:\/\/www.micentrocomercial.es\/terrassa-valles\/cat\/wp-json\/wp\/v2\/pages"}],"about":[{"href":"https:\/\/www.micentrocomercial.es\/terrassa-valles\/cat\/wp-json\/wp\/v2\/types\/page"}],"author":[{"embeddable":true,"href":"https:\/\/www.micentrocomercial.es\/terrassa-valles\/cat\/wp-json\/wp\/v2\/users\/1"}],"replies":[{"embeddable":true,"href":"https:\/\/www.micentrocomercial.es\/terrassa-valles\/cat\/wp-json\/wp\/v2\/comments?post=14"}],"version-history":[{"count":10,"href":"https:\/\/www.micentrocomercial.es\/terrassa-valles\/cat\/wp-json\/wp\/v2\/pages\/14\/revisions"}],"predecessor-version":[{"id":1025,"href":"https:\/\/www.micentrocomercial.es\/terrassa-valles\/cat\/wp-json\/wp\/v2\/pages\/14\/revisions\/1025"}],"wp:attachment":[{"href":"https:\/\/www.micentrocomercial.es\/terrassa-valles\/cat\/wp-json\/wp\/v2\/media?parent=14"}],"curies":[{"name":"wp","href":"https:\/\/api.w.org\/{rel}","templated":true}]}}