{"id":13,"date":"2022-10-30T09:39:52","date_gmt":"2022-10-30T09:39:52","guid":{"rendered":"https:\/\/www.micentrocomercial.es\/terrassa-valles\/alquilar-local-centro-comercial\/"},"modified":"2022-11-06T13:07:28","modified_gmt":"2022-11-06T13:07:28","slug":"alquilar-local-centro-comercial","status":"publish","type":"page","link":"https:\/\/www.micentrocomercial.es\/terrassa-valles\/cat\/alquilar-local-centro-comercial\/","title":{"rendered":"Comercialitzaci\u00f3"},"content":{"rendered":"<div class=\"wpb-content-wrapper\"><div class=\"vc_row wpb_row vc_row-fluid vc_row-o-content-middle vc_row-flex\"><br \/>\n            <div class=\"wpb_column vc_column_container vc_col-sm-6\"><div class=\"vc_column-inner\"><div class=\"wpb_wrapper\"><br \/>\n                <img decoding=\"async\" class=\"aligncenter size-full\" src=\"https:\/\/www.micentrocomercial.es\/wp-content\/themes\/restyling\/images\/cabecera-comerciantes.png\" alt=\"Comercializaci\u00f3n\" \/><br \/>\n            <\/div><\/div><\/div><br \/>\n            <div class=\"wpb_column vc_column_container vc_col-sm-6\"><div class=\"vc_column-inner\"><div class=\"wpb_wrapper\"><br \/>\n                \n\t<div class=\"wpb_text_column wpb_content_element\" >\n\t\t<div class=\"wpb_wrapper\">\n\t\t\t<h2 style=\"text-align: center;\">Vols obrir un negoci al nostre centre comercial? T'estem esperant!<\/h2>\n\n\t\t<\/div>\n\t<\/div>\n<br \/>\n                \n\t<div class=\"wpb_text_column wpb_content_element\" >\n\t\t<div class=\"wpb_wrapper\">\n\t\t\t<ul class=\"listado-comercial\">\n<li><img decoding=\"async\" src=\"https:\/\/www.centroscomercialescarmila.com\/assets\/images\/icono_glacentro.png\" alt=\"icon\" \/> <strong>0 m<sup>2<\/sup><\/strong> SBA Galeria<\/li>\n<li><img decoding=\"async\" src=\"https:\/\/www.centroscomercialescarmila.com\/assets\/images\/icono_areadeventa.png\" alt=\"icon\" \/> <strong>0 m<sup>2<\/sup><\/strong> SBA Hipermercat<\/li>\n<li><img decoding=\"async\" src=\"https:\/\/www.centroscomercialescarmila.com\/assets\/images\/icono_plazas.png\" alt=\"icon\" \/> <strong>0 <\/strong> Places de Parking<\/li>\n<li><img decoding=\"async\" src=\"https:\/\/www.centroscomercialescarmila.com\/assets\/images\/icono_tiendas.png\" alt=\"icon\" \/> <strong>0<\/strong> Locals<\/li>\n<li><img decoding=\"async\" src=\"https:\/\/www.centroscomercialescarmila.com\/assets\/images\/icono_visitas.png\" alt=\"icon\" \/>  <strong>0 <\/strong> Visites \/ Any<\/li>\n<li><img decoding=\"async\" src=\"https:\/\/www.centroscomercialescarmila.com\/assets\/images\/icono_calendario.png\" alt=\"icon\" \/> <strong>0<\/strong> Any d'obertura<\/li>\n<\/ul>\n\n\t\t<\/div>\n\t<\/div>\n<br \/>\n            <\/div><\/div><\/div><br \/>\n        <\/div><br \/>\n        <div class=\"vc_row wpb_row vc_row-fluid\"><br \/>\n            <div class=\"wpb_column vc_column_container vc_col-sm-4\"><div class=\"vc_column-inner\"><div class=\"wpb_wrapper\"><br \/>\n                \n\t<div class=\"wpb_text_column wpb_content_element\" >\n\t\t<div class=\"wpb_wrapper\">\n\t\t\t<p>\n                    Si vost\u00e8 est\u00e0 interessat en posar el seu negoci o llogar un espai per a les seves promocions al Centre Comercial, poseu-vos en contacte amb el nostre equip comercial o empleneu el formulari amb les vostres dades.<\/p>\n\n\t\t<\/div>\n\t<\/div>\n<br \/>\n                \n\t<div class=\"wpb_raw_code wpb_raw_html wpb_content_element\" >\n\t\t<div class=\"wpb_wrapper\">\n\t\t\t<div style=\"padding:20px; border-radius:20px; background:linear-gradient(90deg, rgba(255,41,132,1) 0%, rgba(255,85,113,1) 25%, rgba(255,109,102,1) 65%, rgba(255,169,60,1) 100%); color:#fff\"><h3>CONTACTE<\/h3><p style=\"font-size:1.2rem\">comercializacion@carmila.com <br \/> 916 635 544<\/p><\/div>\n\t\t<\/div>\n\t<\/div>\n<br \/>\n            <\/div><\/div><\/div><br \/>\n            <div class=\"wpb_column vc_column_container vc_col-sm-8\"><div class=\"vc_column-inner\"><div class=\"wpb_wrapper\"><br \/>\n                \n\t<div class=\"wpb_text_column wpb_content_element\" >\n\t\t<div class=\"wpb_wrapper\">\n\t\t\t<h3>Demana m\u00e9s informaci\u00f3<\/h3>\n\n<div class=\"wpcf7 no-js\" id=\"wpcf7-f89-o1\" lang=\"es-ES\" dir=\"ltr\" data-wpcf7-id=\"89\">\n<div class=\"screen-reader-response\"><p role=\"status\" aria-live=\"polite\" aria-atomic=\"true\"><\/p> <ul><\/ul><\/div>\n<form action=\"\/terrassa-valles\/cat\/wp-json\/wp\/v2\/pages\/13#wpcf7-f89-o1\" method=\"post\" class=\"wpcf7-form init\" aria-label=\"Formulario de contacto\" novalidate=\"novalidate\" data-status=\"init\" data-trp-original-action=\"\/terrassa-valles\/cat\/wp-json\/wp\/v2\/pages\/13#wpcf7-f89-o1\">\n<fieldset class=\"hidden-fields-container\"><input type=\"hidden\" name=\"_wpcf7\" value=\"89\" \/><input type=\"hidden\" name=\"_wpcf7_version\" value=\"6.1.5\" \/><input type=\"hidden\" name=\"_wpcf7_locale\" value=\"es_ES\" \/><input type=\"hidden\" name=\"_wpcf7_unit_tag\" value=\"wpcf7-f89-o1\" \/><input type=\"hidden\" name=\"_wpcf7_container_post\" value=\"0\" \/><input type=\"hidden\" name=\"_wpcf7_posted_data_hash\" value=\"\" \/><input type=\"hidden\" name=\"_wpcf7_recaptcha_response\" value=\"\" \/>\n<\/fieldset>\n<div class=\"row\">\n\t<div class=\"col-md-6 mb-3\">\n\t\t<p><span class=\"wpcf7-form-control-wrap\" data-name=\"your-name\"><input size=\"40\" maxlength=\"400\" class=\"wpcf7-form-control wpcf7-text wpcf7-validates-as-required form-control\" aria-required=\"true\" aria-invalid=\"false\" placeholder=\"Nom (*)\" value=\"\" type=\"text\" name=\"your-name\" \/><\/span>\n\t\t<\/p>\n\t<\/div>\n\t<div class=\"col-md-6 mb-3\">\n\t\t<p><span class=\"wpcf7-form-control-wrap\" data-name=\"your-surname\"><input size=\"40\" maxlength=\"400\" class=\"wpcf7-form-control wpcf7-text wpcf7-validates-as-required form-control\" aria-required=\"true\" aria-invalid=\"false\" placeholder=\"Cognoms(*)\" value=\"\" type=\"text\" name=\"your-surname\" \/><\/span>\n\t\t<\/p>\n\t<\/div>\n<\/div>\n<div class=\"row\">\n\t<div class=\"col-md-6 mb-3\">\n\t\t<p><span class=\"wpcf7-form-control-wrap\" data-name=\"your-email\"><input size=\"40\" maxlength=\"400\" class=\"wpcf7-form-control wpcf7-email wpcf7-validates-as-required wpcf7-text wpcf7-validates-as-email form-control\" aria-required=\"true\" aria-invalid=\"false\" placeholder=\"Email (*)\" value=\"\" type=\"email\" name=\"your-email\" \/><\/span>\n\t\t<\/p>\n\t<\/div>\n\t<div class=\"col-md-6 mb-3\">\n\t\t<p><span class=\"wpcf7-form-control-wrap\" data-name=\"your-phone\"><input size=\"40\" maxlength=\"400\" class=\"wpcf7-form-control wpcf7-text wpcf7-validates-as-required form-control\" aria-required=\"true\" aria-invalid=\"false\" placeholder=\"Tel\u00e8fon (*)\" value=\"\" type=\"text\" name=\"your-phone\" \/><\/span>\n\t\t<\/p>\n\t<\/div>\n<\/div>\n<div class=\"row\">\n\t<div class=\"col-md-6 mb-3\">\n\t\t<p><span class=\"wpcf7-form-control-wrap\" data-name=\"your-company\"><input size=\"40\" maxlength=\"400\" class=\"wpcf7-form-control wpcf7-text wpcf7-validates-as-required form-control\" aria-required=\"true\" aria-invalid=\"false\" placeholder=\"Companyia (*)\" value=\"\" type=\"text\" name=\"your-company\" \/><\/span>\n\t\t<\/p>\n\t<\/div>\n\t<div class=\"col-md-6 mb-3\">\n\t\t<p>Estic interessat\/da en <span class=\"wpcf7-form-control-wrap\" data-name=\"your-subject\"><select class=\"wpcf7-form-control wpcf7-select wpcf7-validates-as-required form-control\" aria-required=\"true\" aria-invalid=\"false\" name=\"your-subject\"><option value=\"\">&#8212;Por favor, elige una opci\u00f3n&#8212;<\/option><option value=\"Locales disponibles\">Locals disponibles<\/option><option value=\"Cesiones de espacio\">Cessions d'espai<\/option><\/select><\/span>\n\t\t<\/p>\n\t<\/div>\n<\/div>\n<p><span class=\"wpcf7-form-control-wrap\" data-name=\"your-message\"><textarea cols=\"40\" rows=\"6\" maxlength=\"2000\" class=\"wpcf7-form-control wpcf7-textarea form-control\" aria-invalid=\"false\" placeholder=\"Escriu aqu\u00ed el teu missatge...\" name=\"your-message\"><\/textarea><\/span>\n<\/p>\n<p><span class=\"wpcf7-form-control-wrap\" data-name=\"rgpd\"><span class=\"wpcf7-form-control wpcf7-acceptance\"><span class=\"wpcf7-list-item\"><label><input type=\"checkbox\" name=\"rgpd\" value=\"1\" aria-invalid=\"false\" \/><span class=\"wpcf7-list-item-label\">En marcar aquesta casella <strong>consenteixo<\/strong> el tractament de les meves dades personals per resoldre els meus dubtes, consultes, queixes o suggeriments a trav\u00e9s dels mitjans oferts sobre aix\u00f2 per Carmila conforme s'indica en aquesta <strong><a href=\"https:\/\/www.micentrocomercial.es\/terrassa-valles\/cat\/politica-de-privacidad\/\" target=\"_blank\">pol\u00edtica de privacitat<\/a><\/strong><\/span><\/label><\/span><\/span><\/span>\n<\/p>\n<p><input class=\"wpcf7-form-control wpcf7-submit has-spinner btn btn-primary mb-3\" type=\"submit\" value=\"Enviar\" \/>\n<\/p><div class=\"wpcf7-response-output\" aria-hidden=\"true\"><\/div>\n<input type=\"hidden\" name=\"trp-form-language\" value=\"cat\"\/><\/form>\n<\/div>\n\n\n\t\t<\/div>\n\t<\/div>\n<br \/>\n            <\/div><\/div><\/div><br \/>\n        <\/div><br \/>\n        <div class=\"vc_row wpb_row vc_row-fluid\"><br \/>\n            <div class=\"wpb_column vc_column_container vc_col-sm-12\"><div class=\"vc_column-inner\"><div class=\"wpb_wrapper\"><br \/>\n                \n\t<div class=\"wpb_text_column wpb_content_element\" >\n\t\t<div class=\"wpb_wrapper\">\n\t\t\t<div style=\"font-size: 0.9rem;\">\n                        <strong>Informaci\u00f3 b\u00e0sica sobre protecci\u00f3 de dades:<\/strong><\/p>\n<ul>\n<li><strong>Responsable: <\/strong>Responsable Carmila Espa\u00f1a, S.L.U., (\u00abCarmila\u00bb) amb direcci\u00f3 a Avda. de la Transici\u00f3n Espa\u00f1ola, 34 Edificio B \u2013 Planta 4\u00aa (Parque Empresarial Omega) \u2013 28108 Alcobendas (Madrid) i C.I.F. B-86772837<\/li>\n<li><strong>Categoria de dades: <\/strong>Dades de contacte i de car\u00e0cter identificatiu i altres dades que ens proporcioneu.<\/li>\n<li><strong>Finalitat: <\/strong>Gesti\u00f3 de dubtes, suggeriments, consultes i opinions.<\/li>\n<li><strong>Legitimaci\u00f3: <\/strong>El consentiment \u00e9s la base legitimadora per al tractament de les vostres dades personals per tal de resoldre qualsevol dubte, suggeriment o informaci\u00f3 addicional que tingu\u00e9s en relaci\u00f3 amb la nostra activitat.<\/li>\n<li><strong>Destinataris (i transfer\u00e8ncies internacionals): <\/strong>No cedim les dades que ens facilita amb cap tercer ni s\u00f3n objecte de cap transfer\u00e8ncia internacional.<\/li>\n<li><strong>Drets: <\/strong>Poden exercitar els seus drets d'acc\u00e9s, rectificaci\u00f3, supressi\u00f3, portabilitat i limitaci\u00f3 del tractament davant del responsable del tractament. Aix\u00ed mateix, podr\u00e0 revocar el seu consentiment en qualsevol moment mitjan\u00e7ant comunicaci\u00f3 adre\u00e7ant-se a l'apartat de correus 1002, CP 28108, Alcobendas (Madrid) i mitjan\u00e7ant correu electr\u00f2nic a la seg\u00fcent adre\u00e7a: derechosprotecciondedatos@carrefour.com<\/li>\n<li><strong>Proced\u00e8ncia: <\/strong>Nom\u00e9s tractem les dades personals que vost\u00e8 ens faciliti.<\/li>\n<li><strong>Informaci\u00f3 addicional: <\/strong>Podeu trobar m\u00e9s informaci\u00f3 a l'enlla\u00e7: <a href=\"https:\/\/www.micentrocomercial.es\/terrassa-valles\/cat\/politica-de-privacidad\/\" target=\"_blank\" rel=\"noopener\">pol\u00edtica de privacitat<\/a>.<\/li>\n<\/ul>\n<\/div>\n\n\t\t<\/div>\n\t<\/div>\n<br \/>\n            <\/div><\/div><\/div><br \/>\n        <\/div>\n<\/div>","protected":false},"excerpt":{"rendered":"\u00bfQuieres abrir un negocio en nuestro centro comercial? \u00a1Te estamos esperando! 0 m2 SBA Galer\u00eda 0 m2 SBA Hipermercado 0 Plazas de Parking 0 Locales 0 Visitas \/ A\u00f1o 0 A\u00f1o de apertura Si est\u00e1 interesado en poner su negocio o alquilar un espacio para sus promociones en el Centro Comercial, ponte en contacto con [...]","protected":false},"author":1,"featured_media":0,"parent":0,"menu_order":0,"comment_status":"closed","ping_status":"closed","template":"","meta":{"footnotes":""},"class_list":["post-13","page","type-page","status-publish","hentry"],"_links":{"self":[{"href":"https:\/\/www.micentrocomercial.es\/terrassa-valles\/cat\/wp-json\/wp\/v2\/pages\/13","targetHints":{"allow":["GET"]}}],"collection":[{"href":"https:\/\/www.micentrocomercial.es\/terrassa-valles\/cat\/wp-json\/wp\/v2\/pages"}],"about":[{"href":"https:\/\/www.micentrocomercial.es\/terrassa-valles\/cat\/wp-json\/wp\/v2\/types\/page"}],"author":[{"embeddable":true,"href":"https:\/\/www.micentrocomercial.es\/terrassa-valles\/cat\/wp-json\/wp\/v2\/users\/1"}],"replies":[{"embeddable":true,"href":"https:\/\/www.micentrocomercial.es\/terrassa-valles\/cat\/wp-json\/wp\/v2\/comments?post=13"}],"version-history":[{"count":1,"href":"https:\/\/www.micentrocomercial.es\/terrassa-valles\/cat\/wp-json\/wp\/v2\/pages\/13\/revisions"}],"predecessor-version":[{"id":90,"href":"https:\/\/www.micentrocomercial.es\/terrassa-valles\/cat\/wp-json\/wp\/v2\/pages\/13\/revisions\/90"}],"wp:attachment":[{"href":"https:\/\/www.micentrocomercial.es\/terrassa-valles\/cat\/wp-json\/wp\/v2\/media?parent=13"}],"curies":[{"name":"wp","href":"https:\/\/api.w.org\/{rel}","templated":true}]}}