{"id":172,"date":"2022-12-09T12:20:56","date_gmt":"2022-12-09T12:20:56","guid":{"rendered":"https:\/\/www.micentrocomercial.es\/sanjuan-alicante\/?page_id=172"},"modified":"2023-02-13T08:58:47","modified_gmt":"2023-02-13T08:58:47","slug":"navidad-pequeradio","status":"publish","type":"page","link":"https:\/\/www.micentrocomercial.es\/sanjuan-alicante\/navidad-pequeradio\/","title":{"rendered":"Navidad con Pequeradio"},"content":{"rendered":"\t\t<div data-elementor-type=\"wp-page\" data-elementor-id=\"172\" class=\"elementor elementor-172\" data-elementor-post-type=\"page\">\n\t\t\t\t\t\t<section class=\"elementor-section elementor-top-section elementor-element elementor-element-383713e elementor-section-boxed elementor-section-height-default elementor-section-height-default\" data-id=\"383713e\" data-element_type=\"section\" data-e-type=\"section\">\n\t\t\t\t\t\t<div class=\"elementor-container elementor-column-gap-default\">\n\t\t\t\t\t<div class=\"elementor-column elementor-col-100 elementor-top-column elementor-element elementor-element-bd0d819\" data-id=\"bd0d819\" data-element_type=\"column\" data-e-type=\"column\">\n\t\t\t<div class=\"elementor-widget-wrap elementor-element-populated\">\n\t\t\t\t\t\t<div class=\"elementor-element elementor-element-7b8e4d9 elementor-hidden-mobile elementor-widget elementor-widget-spacer\" data-id=\"7b8e4d9\" data-element_type=\"widget\" data-e-type=\"widget\" data-widget_type=\"spacer.default\">\n\t\t\t\t<div class=\"elementor-widget-container\">\n\t\t\t\t\t\t\t<div class=\"elementor-spacer\">\n\t\t\t<div class=\"elementor-spacer-inner\"><\/div>\n\t\t<\/div>\n\t\t\t\t\t\t<\/div>\n\t\t\t\t<\/div>\n\t\t\t\t<div class=\"elementor-element elementor-element-4924d72 elementor-widget elementor-widget-image\" data-id=\"4924d72\" data-element_type=\"widget\" data-e-type=\"widget\" data-widget_type=\"image.default\">\n\t\t\t\t<div class=\"elementor-widget-container\">\n\t\t\t\t\t\t\t\t\t\t\t\t\t\t\t<img decoding=\"async\" src=\"https:\/\/www.micentrocomercial.es\/sanjuan-alicante\/wp-content\/uploads\/sites\/33\/2022\/12\/predeterminada-pequeradio-sanjuan1144x403px.png\" title=\"predeterminada-pequeradio-sanjuan1144x403px\" alt=\"predeterminada-pequeradio-sanjuan1144x403px\" loading=\"lazy\" \/>\t\t\t\t\t\t\t\t\t\t\t\t\t\t\t<\/div>\n\t\t\t\t<\/div>\n\t\t\t\t<div class=\"elementor-element elementor-element-70d5990 elementor-widget elementor-widget-spacer\" data-id=\"70d5990\" data-element_type=\"widget\" data-e-type=\"widget\" data-widget_type=\"spacer.default\">\n\t\t\t\t<div class=\"elementor-widget-container\">\n\t\t\t\t\t\t\t<div class=\"elementor-spacer\">\n\t\t\t<div class=\"elementor-spacer-inner\"><\/div>\n\t\t<\/div>\n\t\t\t\t\t\t<\/div>\n\t\t\t\t<\/div>\n\t\t\t\t<div class=\"elementor-element elementor-element-af06a4c elementor-widget elementor-widget-heading\" data-id=\"af06a4c\" data-element_type=\"widget\" data-e-type=\"widget\" data-widget_type=\"heading.default\">\n\t\t\t\t<div class=\"elementor-widget-container\">\n\t\t\t\t\t<h2 class=\"elementor-heading-title elementor-size-default\"><span style=\"color: #682B86\"> <strong>\u00a1The Santa Claus<span style=\"color: #1A915E\"> Snow Music Festival<\/span><\/strong>!\n<\/span><\/h2>\t\t\t\t<\/div>\n\t\t\t\t<\/div>\n\t\t\t\t<div class=\"elementor-element elementor-element-01888b7 elementor-hidden-mobile elementor-widget elementor-widget-spacer\" data-id=\"01888b7\" data-element_type=\"widget\" data-e-type=\"widget\" data-widget_type=\"spacer.default\">\n\t\t\t\t<div class=\"elementor-widget-container\">\n\t\t\t\t\t\t\t<div class=\"elementor-spacer\">\n\t\t\t<div class=\"elementor-spacer-inner\"><\/div>\n\t\t<\/div>\n\t\t\t\t\t\t<\/div>\n\t\t\t\t<\/div>\n\t\t\t\t<div class=\"elementor-element elementor-element-5ab1872 elementor-widget elementor-widget-text-editor\" data-id=\"5ab1872\" data-element_type=\"widget\" data-e-type=\"widget\" data-widget_type=\"text-editor.default\">\n\t\t\t\t<div class=\"elementor-widget-container\">\n\t\t\t\t\t\t\t\t\t<p style=\"text-align: center;\"><span style=\"font-weight: 400;\">\ud83c\udf89 \u00a1Ven a disfrutar de un espect\u00e1culo musical \u00fanico para estas Navidades!<\/span><\/p>\t\t\t\t\t\t\t\t<\/div>\n\t\t\t\t<\/div>\n\t\t\t\t<div class=\"elementor-element elementor-element-0f86c32 elementor-widget elementor-widget-heading\" data-id=\"0f86c32\" data-element_type=\"widget\" data-e-type=\"widget\" data-widget_type=\"heading.default\">\n\t\t\t\t<div class=\"elementor-widget-container\">\n\t\t\t\t\t<h2 class=\"elementor-heading-title elementor-size-default\">\u00a1Evento gratuito con Pequeradio!\n<\/h2>\t\t\t\t<\/div>\n\t\t\t\t<\/div>\n\t\t\t\t<div class=\"elementor-element elementor-element-213883e elementor-hidden-mobile elementor-widget elementor-widget-spacer\" data-id=\"213883e\" data-element_type=\"widget\" data-e-type=\"widget\" data-widget_type=\"spacer.default\">\n\t\t\t\t<div class=\"elementor-widget-container\">\n\t\t\t\t\t\t\t<div class=\"elementor-spacer\">\n\t\t\t<div class=\"elementor-spacer-inner\"><\/div>\n\t\t<\/div>\n\t\t\t\t\t\t<\/div>\n\t\t\t\t<\/div>\n\t\t\t\t<div class=\"elementor-element elementor-element-b3d09ba elementor-widget__width-auto elementor-widget elementor-widget-text-editor\" data-id=\"b3d09ba\" data-element_type=\"widget\" data-e-type=\"widget\" data-widget_type=\"text-editor.default\">\n\t\t\t\t<div class=\"elementor-widget-container\">\n\t\t\t\t\t\t\t\t\t<p style=\"text-align: center;\"><span style=\"font-weight: 400;\">\ud83c\udf85\ud83c\udffb En v\u00edsperas de las fiestas m\u00e1s esperadas por los peques, Santa Claus y sus renos os invitan a descubrir un universo fant\u00e1stico! \ud83c\udfa4<\/span><\/p>\t\t\t\t\t\t\t\t<\/div>\n\t\t\t\t<\/div>\n\t\t\t\t<div class=\"elementor-element elementor-element-4baeb08 elementor-widget__width-auto elementor-widget elementor-widget-text-editor\" data-id=\"4baeb08\" data-element_type=\"widget\" data-e-type=\"widget\" data-widget_type=\"text-editor.default\">\n\t\t\t\t<div class=\"elementor-widget-container\">\n\t\t\t\t\t\t\t\t\t<p><span style=\"font-weight: 400;\">\u2744\ufe0f Disfruta en familia de una tarde llena de diversi\u00f3n y de nieve, en medio de un escenario navide\u00f1o decorado e iluminado para que los ojos de los m\u00e1s peque\u00f1os brillen de ilusi\u00f3n y felicidad! \ud83d\udc4f<\/span><\/p>\t\t\t\t\t\t\t\t<\/div>\n\t\t\t\t<\/div>\n\t\t\t\t<div class=\"elementor-element elementor-element-c6f86e4 elementor-widget__width-inherit elementor-widget elementor-widget-text-editor\" data-id=\"c6f86e4\" data-element_type=\"widget\" data-e-type=\"widget\" data-widget_type=\"text-editor.default\">\n\t\t\t\t<div class=\"elementor-widget-container\">\n\t\t\t\t\t\t\t\t\t<p><span style=\"font-weight: 400;\">\ud83c\udf84 Espect\u00e1culo musical<\/span><\/p><p><span style=\"font-weight: 400;\">\ud83c\udf84 Gran nevada y niebla<\/span><\/p><p><span style=\"font-weight: 400;\">\ud83c\udf84 Dance kids con Santa, Rudolph y los Elfos<\/span><\/p>\t\t\t\t\t\t\t\t<\/div>\n\t\t\t\t<\/div>\n\t\t\t\t<div class=\"elementor-element elementor-element-cc86744 elementor-widget__width-auto elementor-widget elementor-widget-text-editor\" data-id=\"cc86744\" data-element_type=\"widget\" data-e-type=\"widget\" data-widget_type=\"text-editor.default\">\n\t\t\t\t<div class=\"elementor-widget-container\">\n\t\t\t\t\t\t\t\t\t<p><span style=\"font-weight: 400;\">\u00a1<\/span><span style=\"font-weight: 400;\">Te esperamos el <\/span><b>viernes 23 de diciembre<\/b><span style=\"font-weight: 400;\"> a las <\/span><b>17:30h<\/b><span style=\"font-weight: 400;\"> para mucha <\/span><span style=\"font-weight: 400;\">m\u00fasica, risas y diversi\u00f3n en familia!<\/span><\/p>\t\t\t\t\t\t\t\t<\/div>\n\t\t\t\t<\/div>\n\t\t\t\t<div class=\"elementor-element elementor-element-fbc56f2 elementor-widget elementor-widget-spacer\" data-id=\"fbc56f2\" data-element_type=\"widget\" data-e-type=\"widget\" data-widget_type=\"spacer.default\">\n\t\t\t\t<div class=\"elementor-widget-container\">\n\t\t\t\t\t\t\t<div class=\"elementor-spacer\">\n\t\t\t<div class=\"elementor-spacer-inner\"><\/div>\n\t\t<\/div>\n\t\t\t\t\t\t<\/div>\n\t\t\t\t<\/div>\n\t\t\t\t<div class=\"elementor-element elementor-element-a9ae010 elementor-widget elementor-widget-heading\" data-id=\"a9ae010\" data-element_type=\"widget\" data-e-type=\"widget\" data-widget_type=\"heading.default\">\n\t\t\t\t<div class=\"elementor-widget-container\">\n\t\t\t\t\t<h2 class=\"elementor-heading-title elementor-size-default\">\u00a1Diversi\u00f3n garantizada para toda la familia!\n\n<\/h2>\t\t\t\t<\/div>\n\t\t\t\t<\/div>\n\t\t\t\t<div class=\"elementor-element elementor-element-7a08111 elementor-hidden-mobile elementor-widget elementor-widget-spacer\" data-id=\"7a08111\" data-element_type=\"widget\" data-e-type=\"widget\" data-widget_type=\"spacer.default\">\n\t\t\t\t<div class=\"elementor-widget-container\">\n\t\t\t\t\t\t\t<div class=\"elementor-spacer\">\n\t\t\t<div class=\"elementor-spacer-inner\"><\/div>\n\t\t<\/div>\n\t\t\t\t\t\t<\/div>\n\t\t\t\t<\/div>\n\t\t\t\t<div class=\"elementor-element elementor-element-c8e83ec elementor-widget__width-inherit elementor-widget elementor-widget-text-editor\" data-id=\"c8e83ec\" data-element_type=\"widget\" data-e-type=\"widget\" data-widget_type=\"text-editor.default\">\n\t\t\t\t<div class=\"elementor-widget-container\">\n\t\t\t\t\t\t\t\t\t<p><span style=\"font-weight: 400;\">\ud83c\udf85<\/span><span style=\"font-weight: 400;\">\u00a0 Inscripci\u00f3n previa<\/span><\/p><p><span style=\"font-weight: 400;\">\ud83c\udf85<\/span><span style=\"font-weight: 400;\">\u00a0 Entrada gratuita<\/span><\/p><p><span style=\"font-weight: 400;\">\ud83c\udf85<\/span> <span style=\"font-weight: 400;\">Al aire libre<\/span><\/p>\t\t\t\t\t\t\t\t<\/div>\n\t\t\t\t<\/div>\n\t\t\t\t\t<\/div>\n\t\t<\/div>\n\t\t\t\t\t<\/div>\n\t\t<\/section>\n\t\t\t\t<\/div>\n\t\t","protected":false},"excerpt":{"rendered":"<p>\u00a1The Santa Claus Snow Music Festival! \ud83c\udf89 \u00a1Ven a disfrutar de un espect\u00e1culo musical \u00fanico para estas Navidades! \u00a1Evento gratuito con Pequeradio! \ud83c\udf85\ud83c\udffb En v\u00edsperas de las fiestas m\u00e1s esperadas por los peques, Santa Claus y sus renos os invitan a descubrir un universo fant\u00e1stico! \ud83c\udfa4 \u2744\ufe0f Disfruta en familia de una tarde llena de [&hellip;]<\/p>\n","protected":false},"author":2,"featured_media":0,"parent":0,"menu_order":0,"comment_status":"closed","ping_status":"closed","template":"","meta":{"footnotes":""},"class_list":["post-172","page","type-page","status-publish","hentry"],"_links":{"self":[{"href":"https:\/\/www.micentrocomercial.es\/sanjuan-alicante\/wp-json\/wp\/v2\/pages\/172","targetHints":{"allow":["GET"]}}],"collection":[{"href":"https:\/\/www.micentrocomercial.es\/sanjuan-alicante\/wp-json\/wp\/v2\/pages"}],"about":[{"href":"https:\/\/www.micentrocomercial.es\/sanjuan-alicante\/wp-json\/wp\/v2\/types\/page"}],"author":[{"embeddable":true,"href":"https:\/\/www.micentrocomercial.es\/sanjuan-alicante\/wp-json\/wp\/v2\/users\/2"}],"replies":[{"embeddable":true,"href":"https:\/\/www.micentrocomercial.es\/sanjuan-alicante\/wp-json\/wp\/v2\/comments?post=172"}],"version-history":[{"count":93,"href":"https:\/\/www.micentrocomercial.es\/sanjuan-alicante\/wp-json\/wp\/v2\/pages\/172\/revisions"}],"predecessor-version":[{"id":331,"href":"https:\/\/www.micentrocomercial.es\/sanjuan-alicante\/wp-json\/wp\/v2\/pages\/172\/revisions\/331"}],"wp:attachment":[{"href":"https:\/\/www.micentrocomercial.es\/sanjuan-alicante\/wp-json\/wp\/v2\/media?parent=172"}],"curies":[{"name":"wp","href":"https:\/\/api.w.org\/{rel}","templated":true}]}}