{"id":4,"date":"2022-10-30T09:39:51","date_gmt":"2022-10-30T09:39:51","guid":{"rendered":"https:\/\/www.micentrocomercial.es\/manresa\/horario-y-festivos-de-apertura\/"},"modified":"2024-10-16T10:42:03","modified_gmt":"2024-10-16T10:42:03","slug":"horario-y-festivos-de-apertura","status":"publish","type":"page","link":"https:\/\/www.micentrocomercial.es\/manresa\/cat\/horario-y-festivos-de-apertura\/","title":{"rendered":"Horari i Accessos"},"content":{"rendered":"<div class=\"wpb-content-wrapper\"><div class=\"vc_row wpb_row vc_row-fluid\"><div class=\"wpb_column vc_column_container vc_col-sm-6\"><div class=\"vc_column-inner\"><div class=\"wpb_wrapper\">\n\t<div class=\"wpb_text_column wpb_content_element\" >\n\t\t<div class=\"wpb_wrapper\">\n\t\t\t<h1 class=\"entry-title\"><i class=\"lni lni-alarm-clock\"><\/i> Horari Hivern<\/h1>\n<h4>Horari Hipermercat Carrefour<\/h4>\n<ul>\n<li>De dilluns a dissabte, de 09.00 a 21.00 h.<\/li>\n<li>Festius d'obertura, de 09.00 a 21.00 h.<\/li>\n<\/ul>\n<h4>Horari Comer\u00e7os<\/h4>\n<ul>\n<li>De dilluns a dissabte, de 09.00 a 21.00 h.<\/li>\n<li>Festius d'obertura, de 09.00 a 21.00 h.<\/li>\n<\/ul>\n<h4>Horari Restauraci\u00f3<\/h4>\n<ul>\n<li>Consulta amb cada establiment.<\/li>\n<\/ul>\n<h1 class=\"entry-title\"><i class=\"lni lni-alarm-clock\"><\/i> Horari Estiu<\/h1>\n<h4>Horari Hipermercat Carrefour<\/h4>\n<ul>\n<li>De dilluns a dissabte, de 09.00 a 21.00 h.<\/li>\n<li>Festius d'obertura, de 09.00 a 21.00 h.<\/li>\n<\/ul>\n<h4>Horari Comer\u00e7os<\/h4>\n<ul>\n<li>De dilluns a dissabte, de 9.00 a 21.00 h.<\/li>\n<li>Festius d'obertura, de 09.00 a 22.00 h.<\/li>\n<\/ul>\n<h4>Horari Restauraci\u00f3<\/h4>\n<ul>\n<li>Consulta amb cada establiment.<\/li>\n<\/ul>\n\n\t\t<\/div>\n\t<\/div>\n<\/div><\/div><\/div><div class=\"wpb_column vc_column_container vc_col-sm-6\"><div class=\"vc_column-inner\"><div class=\"wpb_wrapper\">\n\t<div class=\"wpb_text_column wpb_content_element\" >\n\t\t<div class=\"wpb_wrapper\">\n\t\t\t<p>\n<iframe style=\"width: 400px; height: 560px; border: 0; display: block; margin: 0 auto;\" src=\"https:\/\/www.carrefour.es\/tiendas-carrefour\/aperturas-en-festivos\/default_2.aspx#idsa=0087&amp;idat=004Q&amp;tipot=Hipermercado\"><\/iframe><\/p>\n\n\t\t<\/div>\n\t<\/div>\n<\/div><\/div><\/div><\/div><div class=\"vc_row wpb_row vc_row-fluid\"><div class=\"wpb_column vc_column_container vc_col-sm-12\"><div class=\"vc_column-inner\"><div class=\"wpb_wrapper\">\n\t<div class=\"wpb_text_column wpb_content_element\" >\n\t\t<div class=\"wpb_wrapper\">\n\t\t\t\n\t\t<\/div>\n\t<\/div>\n<\/div><\/div><\/div><\/div><div id=\"accesos\" class=\"vc_row wpb_row vc_row-fluid\"><div class=\"wpb_column vc_column_container vc_col-sm-12\"><div class=\"vc_column-inner\"><div class=\"wpb_wrapper\">\n\t<div class=\"wpb_text_column wpb_content_element\" >\n\t\t<div class=\"wpb_wrapper\">\n\t\t\t<h1 class=\"entry-title\">Mou-te de forma sostenible<\/h1>\n\n\t\t<\/div>\n\t<\/div>\n<\/div><\/div><\/div><\/div><div class=\"vc_row wpb_row vc_row-fluid\"><div class=\"wpb_column vc_column_container vc_col-sm-12\"><div class=\"vc_column-inner\"><div class=\"wpb_wrapper\">\n\t<div class=\"wpb_text_column wpb_content_element\" >\n\t\t<div class=\"wpb_wrapper\">\n\t\t\t<p><\/p>\n\n\t\t<\/div>\n\t<\/div>\n<\/div><\/div><\/div><\/div><div class=\"vc_row wpb_row vc_row-fluid\"><div class=\"wpb_column vc_column_container vc_col-sm-4\"><div class=\"vc_column-inner\"><div class=\"wpb_wrapper\">\n\t<div class=\"wpb_text_column wpb_content_element\" >\n\t\t<div class=\"wpb_wrapper\">\n\t\t\t<h4>Localitzaci\u00f3<\/h4>\n<p>Carrer Alvar Aalto, s\/n<br \/>\n08240 Manresa<\/p>\n<h4>Transport p\u00fablic<\/h4>\n<ul>\n<li>Parada Joan Fuster<br \/>\n<strong>BUS L2 et L8<br \/>\n<\/strong><\/li>\n<\/ul>\n<p><strong><a href=\"https:\/\/moovitapp.com\/index\/fr\/transport_en_commun-Centro_Comercial-Barcelona-site_35480780-362\" target=\"_blank\" rel=\"noopener\"><img decoding=\"async\" style=\"max-width: 200px; height: auto;\" src=\"https:\/\/www.micentrocomercial.es\/wp-content\/uploads\/2021\/10\/moovit.png\" alt=\"moovitapp\" \/><\/a><\/p>\n\n\t\t<\/div>\n\t<\/div>\n<\/div><\/div><\/div><div class=\"wpb_column vc_column_container vc_col-sm-8\"><div class=\"vc_column-inner\"><div class=\"wpb_wrapper\">\n\t<div class=\"wpb_text_column wpb_content_element\" >\n\t\t<div class=\"wpb_wrapper\">\n\t\t\t<p><\/strong><\/p>\n<p><iframe style=\"border: 0;\" src=\"https:\/\/www.google.com\/maps\/embed?pb=!1m18!1m12!1m3!1d2977.902348704147!2d1.8426143157284398!3d41.72262597923489!2m3!1f0!2f0!3f0!3m2!1i1024!2i768!4f13.1!3m3!1m2!1s0x12a4f7c3770750c1%3A0x1bdefe576035fc90!2sCarrefour!5e0!3m2!1ses!2ses!4v1581600485604!5m2!1ses!2ses\" width=\"100%\" height=\"500\" allowfullscreen=\"allowfullscreen\"><\/iframe><\/p>\n\n\t\t<\/div>\n\t<\/div>\n<\/div><\/div><\/div><\/div>\n<\/div>","protected":false},"excerpt":{"rendered":"Horario Invierno Horario Hipermercado Carrefour De lunes a s\u00e1bado, de 09:00 a 21:00 h. Festivos de apertura, de 09:00 a 21:00 h. Horario Comercios De lunes a s\u00e1bado, de 09:00 a 21:00 h. Festivos de apertura, de 09:00 a 21:00 h. Horario Restauraci\u00f3n Consulta con cada establecimiento. Horario Verano Horario Hipermercado Carrefour De lunes a [...]","protected":false},"author":1,"featured_media":0,"parent":0,"menu_order":0,"comment_status":"closed","ping_status":"closed","template":"","meta":{"footnotes":""},"class_list":["post-4","page","type-page","status-publish","hentry"],"_links":{"self":[{"href":"https:\/\/www.micentrocomercial.es\/manresa\/cat\/wp-json\/wp\/v2\/pages\/4","targetHints":{"allow":["GET"]}}],"collection":[{"href":"https:\/\/www.micentrocomercial.es\/manresa\/cat\/wp-json\/wp\/v2\/pages"}],"about":[{"href":"https:\/\/www.micentrocomercial.es\/manresa\/cat\/wp-json\/wp\/v2\/types\/page"}],"author":[{"embeddable":true,"href":"https:\/\/www.micentrocomercial.es\/manresa\/cat\/wp-json\/wp\/v2\/users\/1"}],"replies":[{"embeddable":true,"href":"https:\/\/www.micentrocomercial.es\/manresa\/cat\/wp-json\/wp\/v2\/comments?post=4"}],"version-history":[{"count":10,"href":"https:\/\/www.micentrocomercial.es\/manresa\/cat\/wp-json\/wp\/v2\/pages\/4\/revisions"}],"predecessor-version":[{"id":825,"href":"https:\/\/www.micentrocomercial.es\/manresa\/cat\/wp-json\/wp\/v2\/pages\/4\/revisions\/825"}],"wp:attachment":[{"href":"https:\/\/www.micentrocomercial.es\/manresa\/cat\/wp-json\/wp\/v2\/media?parent=4"}],"curies":[{"name":"wp","href":"https:\/\/api.w.org\/{rel}","templated":true}]}}