{"id":11,"date":"2022-10-30T09:39:51","date_gmt":"2022-10-30T09:39:51","guid":{"rendered":"https:\/\/www.micentrocomercial.es\/manresa\/suscripcion\/"},"modified":"2022-11-07T07:53:23","modified_gmt":"2022-11-07T07:53:23","slug":"suscripcion","status":"publish","type":"page","link":"https:\/\/www.micentrocomercial.es\/manresa\/cat\/suscripcion\/","title":{"rendered":"Suscripci\u00f3n"},"content":{"rendered":"<div class=\"wpb-content-wrapper\"><div class=\"vc_row wpb_row vc_row-fluid\"><br \/>\n            <div class=\"wpb_column vc_column_container vc_col-sm-6\"><div class=\"vc_column-inner\"><div class=\"wpb_wrapper\"><br \/>\n                \n\t<div class=\"wpb_text_column wpb_content_element\" >\n\t\t<div class=\"wpb_wrapper\">\n\t\t\t<p>\n                    <img decoding=\"async\" class=\"aligncenter size-full\" src=\"https:\/\/www.micentrocomercial.es\/wp-content\/themes\/restyling\/images\/cabecera-suscripcion.png\" alt=\"Suscripci\u00f3n\" \/><\/p>\n\n\t\t<\/div>\n\t<\/div>\n<br \/>\n                \n\t<div class=\"wpb_text_column wpb_content_element\" >\n\t\t<div class=\"wpb_wrapper\">\n\t\t\t<p><strong style=\"font-size: 1.2rem;\">\u00bfQuieres recibir todas las novedades en tu buz\u00f3n de correo?<\/strong><\/p>\n<p>Si quieres estar al d\u00eda de todo lo que pasa en nuestro centro comercial, suscr\u00edbete a nuestro bolet\u00edn de noticias y se el primero en enterarte de todas las noticias, promociones especiales, sorteos y pr\u00f3ximos eventos.<\/p>\n\n\t\t<\/div>\n\t<\/div>\n<br \/>\n            <\/div><\/div><\/div><br \/>\n            <div class=\"wpb_column vc_column_container vc_col-sm-6\"><div class=\"vc_column-inner\"><div class=\"wpb_wrapper\"><br \/>\n                \n\t<div class=\"wpb_text_column wpb_content_element suscripcion-wrapper\" >\n\t\t<div class=\"wpb_wrapper\">\n\t\t\t\n<div class=\"wpcf7 no-js\" id=\"wpcf7-f96-o1\" lang=\"es-ES\" dir=\"ltr\" data-wpcf7-id=\"96\">\n<div class=\"screen-reader-response\"><p role=\"status\" aria-live=\"polite\" aria-atomic=\"true\"><\/p> <ul><\/ul><\/div>\n<form action=\"\/manresa\/cat\/wp-json\/wp\/v2\/pages\/11#wpcf7-f96-o1\" method=\"post\" class=\"wpcf7-form init\" aria-label=\"Formulario de contacto\" novalidate=\"novalidate\" data-status=\"init\" data-trp-original-action=\"\/manresa\/cat\/wp-json\/wp\/v2\/pages\/11#wpcf7-f96-o1\">\n<fieldset class=\"hidden-fields-container\"><input type=\"hidden\" name=\"_wpcf7\" value=\"96\" \/><input type=\"hidden\" name=\"_wpcf7_version\" value=\"6.1.5\" \/><input type=\"hidden\" name=\"_wpcf7_locale\" value=\"es_ES\" \/><input type=\"hidden\" name=\"_wpcf7_unit_tag\" value=\"wpcf7-f96-o1\" \/><input type=\"hidden\" name=\"_wpcf7_container_post\" value=\"0\" \/><input type=\"hidden\" name=\"_wpcf7_posted_data_hash\" value=\"\" \/><input type=\"hidden\" name=\"_wpcf7_recaptcha_response\" value=\"\" \/>\n<\/fieldset>\n<div class=\"suscripcion-form\">\n\t<div>\n\t\t<p><label>Nom (*)<\/label><span class=\"wpcf7-form-control-wrap\" data-name=\"your-name\"><input size=\"40\" maxlength=\"400\" class=\"wpcf7-form-control wpcf7-text wpcf7-validates-as-required form-control\" aria-required=\"true\" aria-invalid=\"false\" value=\"\" type=\"text\" name=\"your-name\" \/><\/span>\n\t\t<\/p>\n\t<\/div>\n\t<div>\n\t\t<p><label>Apellidos (*)<\/label><span class=\"wpcf7-form-control-wrap\" data-name=\"your-surname\"><input size=\"40\" maxlength=\"400\" class=\"wpcf7-form-control wpcf7-text wpcf7-validates-as-required form-control\" aria-required=\"true\" aria-invalid=\"false\" value=\"\" type=\"text\" name=\"your-surname\" \/><\/span>\n\t\t<\/p>\n\t<\/div>\n\t<div>\n\t\t<p><label>Email (*)<\/label><span class=\"wpcf7-form-control-wrap\" data-name=\"your-email\"><input size=\"40\" maxlength=\"400\" class=\"wpcf7-form-control wpcf7-email wpcf7-validates-as-required wpcf7-text wpcf7-validates-as-email form-control\" aria-required=\"true\" aria-invalid=\"false\" value=\"\" type=\"email\" name=\"your-email\" \/><\/span>\n\t\t<\/p>\n\t<\/div>\n\t<div>\n\t\t<p><label>C\u00f3digo Postal (*)<\/label><span class=\"wpcf7-form-control-wrap\" data-name=\"your-cp\"><input size=\"40\" maxlength=\"400\" class=\"wpcf7-form-control wpcf7-text wpcf7-validates-as-required form-control\" aria-required=\"true\" aria-invalid=\"false\" value=\"\" type=\"text\" name=\"your-cp\" \/><\/span>\n\t\t<\/p>\n\t<\/div>\n\t<div>\n\t\t<p><label style=\"top:0\">Fecha de nacimiento (*)<\/label><span class=\"wpcf7-form-control-wrap\" data-name=\"nacimiento\"><input class=\"wpcf7-form-control wpcf7-date wpcf7-validates-as-required wpcf7-validates-as-date form-control\" aria-required=\"true\" aria-invalid=\"false\" value=\"\" type=\"date\" name=\"nacimiento\" \/><\/span>\n\t\t<\/p>\n\t<\/div>\n\t<div>\n\t\t<p><label>Sexo (*)<\/label><span class=\"wpcf7-form-control-wrap\" data-name=\"sexo\"><select class=\"wpcf7-form-control wpcf7-select wpcf7-validates-as-required form-control\" aria-required=\"true\" aria-invalid=\"false\" name=\"sexo\"><option value=\"\">&#8212;Por favor, elige una opci\u00f3n&#8212;<\/option><option value=\"Hombre\">Hombre<\/option><option value=\"Mujer\">Mujer<\/option><\/select><\/span>\n\t\t<\/p>\n\t<\/div>\n<\/div>\n<p><span class=\"wpcf7-form-control-wrap\" data-name=\"rgpd\"><span class=\"wpcf7-form-control wpcf7-acceptance\"><span class=\"wpcf7-list-item\"><label><input type=\"checkbox\" name=\"rgpd\" value=\"1\" aria-invalid=\"false\" \/><span class=\"wpcf7-list-item-label\">En marcar aquesta casella <strong>consenteixo<\/strong> el tractament de les meves dades personals per resoldre els meus dubtes, consultes, queixes o suggeriments a trav\u00e9s dels mitjans oferts sobre aix\u00f2 per Carmila conforme s'indica en aquesta <strong><a href=\"https:\/\/www.cc-carrefour-actur.com\/politica-de-privacidad\/\" target=\"_blank\" rel=\"noopener\">pol\u00edtica de privacitat<\/a><\/strong><\/span><\/label><\/span><\/span><\/span>\n<\/p>\n<p style=\"margin:0\"><input class=\"wpcf7-form-control wpcf7-submit has-spinner btn btn-primary mb-3\" type=\"submit\" value=\"Enviar\" \/>\n<\/p><div class=\"wpcf7-response-output\" aria-hidden=\"true\"><\/div>\n<input type=\"hidden\" name=\"trp-form-language\" value=\"cat\"\/><\/form>\n<\/div>\n\n\n\t\t<\/div>\n\t<\/div>\n<br \/>\n            <\/div><\/div><\/div><br \/>\n        <\/div><br \/>\n        <div class=\"vc_row wpb_row vc_row-fluid\"><br \/>\n            <div class=\"wpb_column vc_column_container vc_col-sm-12\"><div class=\"vc_column-inner\"><div class=\"wpb_wrapper\"><br \/>\n                \n\t<div class=\"wpb_text_column wpb_content_element\" >\n\t\t<div class=\"wpb_wrapper\">\n\t\t\t<div style=\"font-size: 0.9rem;\">\n                        <strong>Informaci\u00f3 b\u00e0sica sobre protecci\u00f3 de dades:<\/strong><\/p>\n<ul>\n<li><strong>Responsable: <\/strong>Responsable Carmila Espa\u00f1a, S.L.U., (\u00abCarmila\u00bb) amb direcci\u00f3 a Avda. de la Transici\u00f3 Espanyola, 34 Edifici B \u2013 Planta 4\u00aa (Parc Empresarial Omega) \u2013 28108 Alcobendas (Madrid) i C.I.F. B-86772837<\/li>\n<li><strong>Categoria de dades: <\/strong>Dades de contacte i de car\u00e0cter identificatiu i altres dades que ens proporcioneu.<\/li>\n<li><strong>Finalitat: <\/strong>Gesti\u00f3 dels vostres dubtes, suggeriments, consultes i opinions.<\/li>\n<li><strong>Legitimaci\u00f3: <\/strong>El consentiment \u00e9s la base legitimadora per al tractament de les vostres dades personals per tal de resoldre qualsevol dubte, suggeriment o informaci\u00f3 addicional que tingu\u00e9s en relaci\u00f3 amb la nostra activitat.<\/li>\n<li><strong>Destinataris (i transfer\u00e8ncies internacionals): <\/strong>No cedim les dades que ens facilita amb cap tercer ni s\u00f3n objecte de cap transfer\u00e8ncia internacional.<\/li>\n<li><strong>Drets: <\/strong>Podeu exercitar els vostres drets d'acc\u00e9s, rectificaci\u00f3, supressi\u00f3, portabilitat i limitaci\u00f3 del tractament davant del responsable del tractament. Aix\u00ed mateix, podr\u00e0 revocar el seu consentiment en qualsevol moment mitjan\u00e7ant comunicaci\u00f3 adre\u00e7ant-se a l'apartat de correus 1002, CP 28108, Alcobendas (Madrid) i mitjan\u00e7ant correu electr\u00f2nic a la seg\u00fcent adre\u00e7a: derechosprotecciondedatos@carrefour.com<\/li>\n<li><strong>Proced\u00e8ncia: <\/strong>Nom\u00e9s tractem les dades personals que vost\u00e8 ens faciliti.<\/li>\n<li><strong>Informaci\u00f3 addicional: <\/strong>Podeu trobar m\u00e9s informaci\u00f3 a l'enlla\u00e7: <a href=\"https:\/\/www.micentrocomercial.es\/manresa\/cat\/politica-de-privacidad\/\" target=\"_blank\" rel=\"noopener\">pol\u00edtica de privacitat<\/a>.<\/li>\n<\/ul>\n<\/div>\n\n\t\t<\/div>\n\t<\/div>\n<br \/>\n            <\/div><\/div><\/div><br \/>\n        <\/div>\n<\/div>","protected":false},"excerpt":{"rendered":"\u00bfQuieres recibir todas las novedades en tu buz\u00f3n de correo? Si quieres estar al d\u00eda de todo lo que pasa en nuestro centro comercial, suscr\u00edbete a nuestro bolet\u00edn de noticias y se el primero en enterarte de todas las noticias, promociones especiales, sorteos y pr\u00f3ximos eventos. Nombre (*) Apellidos (*) Email (*) C\u00f3digo Postal (*) [...]","protected":false},"author":1,"featured_media":0,"parent":0,"menu_order":0,"comment_status":"closed","ping_status":"closed","template":"","meta":{"footnotes":""},"class_list":["post-11","page","type-page","status-publish","hentry"],"_links":{"self":[{"href":"https:\/\/www.micentrocomercial.es\/manresa\/cat\/wp-json\/wp\/v2\/pages\/11","targetHints":{"allow":["GET"]}}],"collection":[{"href":"https:\/\/www.micentrocomercial.es\/manresa\/cat\/wp-json\/wp\/v2\/pages"}],"about":[{"href":"https:\/\/www.micentrocomercial.es\/manresa\/cat\/wp-json\/wp\/v2\/types\/page"}],"author":[{"embeddable":true,"href":"https:\/\/www.micentrocomercial.es\/manresa\/cat\/wp-json\/wp\/v2\/users\/1"}],"replies":[{"embeddable":true,"href":"https:\/\/www.micentrocomercial.es\/manresa\/cat\/wp-json\/wp\/v2\/comments?post=11"}],"version-history":[{"count":1,"href":"https:\/\/www.micentrocomercial.es\/manresa\/cat\/wp-json\/wp\/v2\/pages\/11\/revisions"}],"predecessor-version":[{"id":97,"href":"https:\/\/www.micentrocomercial.es\/manresa\/cat\/wp-json\/wp\/v2\/pages\/11\/revisions\/97"}],"wp:attachment":[{"href":"https:\/\/www.micentrocomercial.es\/manresa\/cat\/wp-json\/wp\/v2\/media?parent=11"}],"curies":[{"name":"wp","href":"https:\/\/api.w.org\/{rel}","templated":true}]}}