{"id":440,"date":"2023-02-14T09:24:06","date_gmt":"2023-02-14T09:24:06","guid":{"rendered":"https:\/\/www.micentrocomercial.es\/jerez-sur\/?page_id=440"},"modified":"2023-02-15T12:55:25","modified_gmt":"2023-02-15T12:55:25","slug":"queremos-escucharte","status":"publish","type":"page","link":"https:\/\/www.micentrocomercial.es\/jerez-sur\/queremos-escucharte\/","title":{"rendered":"Queremos escucharte"},"content":{"rendered":"<div class=\"wpb-content-wrapper\"><p>[vc_row][vc_column][vc_single_image image=\u00bb449&#8243; img_size=\u00bbfull\u00bb alignment=\u00bbcenter\u00bb][vc_raw_html]JTNDZGl2JTIwZGF0YS10Zi13aWRnZXQlM0QlMjJLeHpCQjh1MyUyMiUyMGRhdGEtdGYtb3BhY2l0eSUzRCUyMjEwMCUyMiUyMGRhdGEtdGYtaWZyYW1lLXByb3BzJTNEJTIydGl0bGUlM0RSZXVuaSVDMyVCM24lMjBkZSUyMGNsaWVudGVzJTIwLSUyMCVDMiVBMVF1ZXJlbW9zJTIwZXNjdWNoYXJ0ZSUyMSUyMiUyMGRhdGEtdGYtdHJhbnNpdGl2ZS1zZWFyY2gtcGFyYW1zJTIwZGF0YS10Zi1tZWRpdW0lM0QlMjJzbmlwcGV0JTIyJTIwc3R5bGUlM0QlMjJ3aWR0aCUzQTEwMCUyNSUzQmhlaWdodCUzQTUwMHB4JTNCJTIyJTNFJTNDJTJGZGl2JTNFJTNDc2NyaXB0JTIwc3JjJTNEJTIyJTJGJTJGZW1iZWQudHlwZWZvcm0uY29tJTJGbmV4dCUyRmVtYmVkLmpzJTIyJTNFJTNDJTJGc2NyaXB0JTNF[\/vc_raw_html][vc_column_text]<\/p>\n<p style=\"text-align: center;\">Para m\u00e1s informaci\u00f3n, consulta las <a href=\"https:\/\/www.micentrocomercial.es\/jerez-sur\/wp-content\/uploads\/sites\/23\/2023\/02\/bases-legales-mesa-clientes-jerez-sur_21_02_23.pdf\" target=\"_blank\" rel=\"noopener\"><strong>bases legales de la promoci\u00f3n<\/strong><\/a>.<\/p>\n<p>[\/vc_column_text][\/vc_column][\/vc_row]<\/p>\n<\/div>","protected":false},"excerpt":{"rendered":"<p>[vc_row][vc_column][vc_single_image image=\u00bb449&#8243; img_size=\u00bbfull\u00bb alignment=\u00bbcenter\u00bb][vc_raw_html]JTNDZGl2JTIwZGF0YS10Zi13aWRnZXQlM0QlMjJLeHpCQjh1MyUyMiUyMGRhdGEtdGYtb3BhY2l0eSUzRCUyMjEwMCUyMiUyMGRhdGEtdGYtaWZyYW1lLXByb3BzJTNEJTIydGl0bGUlM0RSZXVuaSVDMyVCM24lMjBkZSUyMGNsaWVudGVzJTIwLSUyMCVDMiVBMVF1ZXJlbW9zJTIwZXNjdWNoYXJ0ZSUyMSUyMiUyMGRhdGEtdGYtdHJhbnNpdGl2ZS1zZWFyY2gtcGFyYW1zJTIwZGF0YS10Zi1tZWRpdW0lM0QlMjJzbmlwcGV0JTIyJTIwc3R5bGUlM0QlMjJ3aWR0aCUzQTEwMCUyNSUzQmhlaWdodCUzQTUwMHB4JTNCJTIyJTNFJTNDJTJGZGl2JTNFJTNDc2NyaXB0JTIwc3JjJTNEJTIyJTJGJTJGZW1iZWQudHlwZWZvcm0uY29tJTJGbmV4dCUyRmVtYmVkLmpzJTIyJTNFJTNDJTJGc2NyaXB0JTNF[\/vc_raw_html][vc_column_text] Para m\u00e1s informaci\u00f3n, consulta las bases legales de la promoci\u00f3n. [\/vc_column_text][\/vc_column][\/vc_row]<\/p>\n","protected":false},"author":1,"featured_media":0,"parent":0,"menu_order":0,"comment_status":"closed","ping_status":"closed","template":"","meta":{"footnotes":""},"class_list":["post-440","page","type-page","status-publish","hentry"],"_links":{"self":[{"href":"https:\/\/www.micentrocomercial.es\/jerez-sur\/wp-json\/wp\/v2\/pages\/440","targetHints":{"allow":["GET"]}}],"collection":[{"href":"https:\/\/www.micentrocomercial.es\/jerez-sur\/wp-json\/wp\/v2\/pages"}],"about":[{"href":"https:\/\/www.micentrocomercial.es\/jerez-sur\/wp-json\/wp\/v2\/types\/page"}],"author":[{"embeddable":true,"href":"https:\/\/www.micentrocomercial.es\/jerez-sur\/wp-json\/wp\/v2\/users\/1"}],"replies":[{"embeddable":true,"href":"https:\/\/www.micentrocomercial.es\/jerez-sur\/wp-json\/wp\/v2\/comments?post=440"}],"version-history":[{"count":8,"href":"https:\/\/www.micentrocomercial.es\/jerez-sur\/wp-json\/wp\/v2\/pages\/440\/revisions"}],"predecessor-version":[{"id":460,"href":"https:\/\/www.micentrocomercial.es\/jerez-sur\/wp-json\/wp\/v2\/pages\/440\/revisions\/460"}],"wp:attachment":[{"href":"https:\/\/www.micentrocomercial.es\/jerez-sur\/wp-json\/wp\/v2\/media?parent=440"}],"curies":[{"name":"wp","href":"https:\/\/api.w.org\/{rel}","templated":true}]}}