{"id":4,"date":"2022-10-30T09:39:51","date_gmt":"2022-10-30T09:39:51","guid":{"rendered":"https:\/\/www.micentrocomercial.es\/jerez-sur\/horario-y-festivos-de-apertura\/"},"modified":"2024-10-31T10:01:55","modified_gmt":"2024-10-31T10:01:55","slug":"horario-y-festivos-de-apertura","status":"publish","type":"page","link":"https:\/\/www.micentrocomercial.es\/jerez-sur\/horario-y-festivos-de-apertura\/","title":{"rendered":"Horario y Accesos"},"content":{"rendered":"<div class=\"wpb-content-wrapper\"><p>[vc_row][vc_column][vc_empty_space][\/vc_column][\/vc_row][vc_row][vc_column width=\u00bb1\/2&#8243;][vc_column_text css=\u00bb\u00bb]<\/p>\n<h1 class=\"entry-title\"><i class=\"lni lni-alarm-clock\"><\/i> Horario<\/h1>\n<h4>Horario Hipermercado Carrefour<\/h4>\n<ul>\n<li>De lunes a s\u00e1bado, de 09:00 a 22:00h.<\/li>\n<li>Festivos de apertura: de 09:00 a 22:00h.<\/li>\n<\/ul>\n<h4>Horario Comercios<\/h4>\n<ul>\n<li>De lunes a s\u00e1bado, de 10:00 a 22:00h.<\/li>\n<li>Festivos de apertura: de 09:00 a 22:00h.<\/li>\n<\/ul>\n<h4>Horario Restauraci\u00f3n<\/h4>\n<ul>\n<li>De lunes a s\u00e1bado, de 10:00 a 22:00h (dentro de la galer\u00eda).<\/li>\n<li>De lunes a s\u00e1bado, de 13:00 a 12:00h (fuera de la galer\u00eda).<\/li>\n<li>Festivos de apertura: de 09:00 a 22:00h.<\/li>\n<\/ul>\n<h4>Horario Cine<\/h4>\n<ul>\n<li>De lunes a s\u00e1bado, de 17:00 a 1:00h.<\/li>\n<\/ul>\n<p>[\/vc_column_text][\/vc_column][vc_column width=\u00bb1\/2&#8243;][vc_column_text]<iframe style=\"width: 400px; height: 560px; border: 0; display: block; margin: 0 auto;\" src=\"https:\/\/www.carrefour.es\/tiendas-carrefour\/aperturas-en-festivos\/default_2.aspx#idsa=0016&amp;idat=0016&amp;tipot=Hipermercado\"><\/iframe>[\/vc_column_text][\/vc_column][\/vc_row][vc_row][vc_column][vc_column_text][\/vc_column_text][\/vc_column][\/vc_row][vc_row el_id=\u00bbaccesos\u00bb][vc_column][vc_column_text]<\/p>\n<h1 class=\"entry-title\">Mu\u00e9vete de forma sostenible<\/h1>\n<p>[\/vc_column_text][\/vc_column][\/vc_row][vc_row][vc_column width=\u00bb1\/3&#8243;][vc_column_text]<\/p>\n<h4>Localizaci\u00f3n<\/h4>\n<p>Carretera N-IV, km. 641<br \/>\nPuerta del Sur<br \/>\n11408 Jerez de La Frontera<\/p>\n<h4>Transporte p\u00fablico<\/h4>\n<ul>\n<li>BUS 9, 13 \u2013 Parada Carrefour Sur<\/li>\n<li>BUS 8 \u2013 Parada Rodrigo de Jerez<\/li>\n<\/ul>\n<h4>Bicicleta<\/h4>\n<ul>\n<li>Carril bici perimetralmente al centro.<\/li>\n<li>Parking para bicicletas en el exterior junto a la puerta n\u00ba 2.<\/li>\n<\/ul>\n<p><a href=\"https:\/\/moovitapp.com\/index\/es\/transport_en_commun-Carrefour_Jerez_Sur-Bahia_de_Cadiz-site_47790914-4325\" target=\"_blank\" rel=\"noopener\"><img decoding=\"async\" style=\"max-width: 200px; height: auto;\" src=\"https:\/\/www.micentrocomercial.es\/wp-content\/uploads\/2021\/10\/moovit.png\" alt=\"moovitapp\" \/><\/a>[\/vc_column_text][\/vc_column][vc_column width=\u00bb2\/3&#8243;][vc_column_text]<iframe style=\"border: 0;\" src=\"https:\/\/www.google.com\/maps\/embed?pb=!1m18!1m12!1m3!1d944.8175986504824!2d-6.150767468675966!3d36.67260773578361!2m3!1f0!2f0!3f0!3m2!1i1024!2i768!4f13.1!3m3!1m2!1s0xd0dc56a3b47cf6f%3A0x27774e8170f38f6!2sCentro%20Comercial%20Carrefour%20Jerez%20Sur!5e0!3m2!1ses!2ses!4v1603450407010!5m2!1ses!2ses\" width=\"100%\" height=\"500\" allowfullscreen=\"allowfullscreen\"><\/iframe>[\/vc_column_text][\/vc_column][\/vc_row]<\/p>\n<\/div>","protected":false},"excerpt":{"rendered":"<p>[vc_row][vc_column][vc_empty_space][\/vc_column][\/vc_row][vc_row][vc_column width=\u00bb1\/2&#8243;][vc_column_text css=\u00bb\u00bb] Horario Horario Hipermercado Carrefour De lunes a s\u00e1bado, de 09:00 a 22:00h. Festivos de apertura: de 09:00 a 22:00h. Horario Comercios De lunes a s\u00e1bado, de 10:00 a 22:00h. Festivos de apertura: de 09:00 a 22:00h. Horario Restauraci\u00f3n De lunes a s\u00e1bado, de 10:00 a 22:00h (dentro de la galer\u00eda). De lunes [&hellip;]<\/p>\n","protected":false},"author":1,"featured_media":0,"parent":0,"menu_order":0,"comment_status":"closed","ping_status":"closed","template":"","meta":{"footnotes":""},"class_list":["post-4","page","type-page","status-publish","hentry"],"_links":{"self":[{"href":"https:\/\/www.micentrocomercial.es\/jerez-sur\/wp-json\/wp\/v2\/pages\/4","targetHints":{"allow":["GET"]}}],"collection":[{"href":"https:\/\/www.micentrocomercial.es\/jerez-sur\/wp-json\/wp\/v2\/pages"}],"about":[{"href":"https:\/\/www.micentrocomercial.es\/jerez-sur\/wp-json\/wp\/v2\/types\/page"}],"author":[{"embeddable":true,"href":"https:\/\/www.micentrocomercial.es\/jerez-sur\/wp-json\/wp\/v2\/users\/1"}],"replies":[{"embeddable":true,"href":"https:\/\/www.micentrocomercial.es\/jerez-sur\/wp-json\/wp\/v2\/comments?post=4"}],"version-history":[{"count":12,"href":"https:\/\/www.micentrocomercial.es\/jerez-sur\/wp-json\/wp\/v2\/pages\/4\/revisions"}],"predecessor-version":[{"id":2106,"href":"https:\/\/www.micentrocomercial.es\/jerez-sur\/wp-json\/wp\/v2\/pages\/4\/revisions\/2106"}],"wp:attachment":[{"href":"https:\/\/www.micentrocomercial.es\/jerez-sur\/wp-json\/wp\/v2\/media?parent=4"}],"curies":[{"name":"wp","href":"https:\/\/api.w.org\/{rel}","templated":true}]}}