{"id":11,"date":"2022-10-30T09:39:49","date_gmt":"2022-10-30T09:39:49","guid":{"rendered":"https:\/\/www.micentrocomercial.es\/alcala-henares\/suscripcion\/"},"modified":"2022-11-07T07:53:22","modified_gmt":"2022-11-07T07:53:22","slug":"suscripcion","status":"publish","type":"page","link":"https:\/\/www.micentrocomercial.es\/alcala-henares\/suscripcion\/","title":{"rendered":"Suscripci\u00f3n"},"content":{"rendered":"<div class=\"wpb-content-wrapper\"><p>        [vc_row]<br \/>\n            [vc_column width=\u00bb1\/2&#8243;]<br \/>\n                [vc_column_text]<br \/>\n                    <img decoding=\"async\" class=\"aligncenter size-full\" src=\"https:\/\/www.micentrocomercial.es\/wp-content\/themes\/restyling\/images\/cabecera-suscripcion.png\" alt=\"Suscripci\u00f3n\" \/><br \/>\n                [\/vc_column_text]<br \/>\n                [vc_column_text]<\/p>\n<p><strong style=\"font-size: 1.2rem;\">\u00bfQuieres recibir todas las novedades en tu buz\u00f3n de correo?<\/strong><\/p>\n<p>Si quieres estar al d\u00eda de todo lo que pasa en nuestro centro comercial, suscr\u00edbete a nuestro bolet\u00edn de noticias y se el primero en enterarte de todas las noticias, promociones especiales, sorteos y pr\u00f3ximos eventos.<\/p>\n<p>                [\/vc_column_text]<br \/>\n            [\/vc_column]<br \/>\n            [vc_column width=\u00bb1\/2&#8243;]<br \/>\n                [vc_column_text el_class=\u00bbsuscripcion-wrapper\u00bb]<br \/>\n                    \n<div class=\"wpcf7 no-js\" id=\"wpcf7-f84-o1\" lang=\"es-ES\" dir=\"ltr\" data-wpcf7-id=\"84\">\n<div class=\"screen-reader-response\"><p role=\"status\" aria-live=\"polite\" aria-atomic=\"true\"><\/p> <ul><\/ul><\/div>\n<form action=\"\/alcala-henares\/wp-json\/wp\/v2\/pages\/11#wpcf7-f84-o1\" method=\"post\" class=\"wpcf7-form init\" aria-label=\"Formulario de contacto\" novalidate=\"novalidate\" data-status=\"init\">\n<fieldset class=\"hidden-fields-container\"><input type=\"hidden\" name=\"_wpcf7\" value=\"84\" \/><input type=\"hidden\" name=\"_wpcf7_version\" value=\"6.1.5\" \/><input type=\"hidden\" name=\"_wpcf7_locale\" value=\"es_ES\" \/><input type=\"hidden\" name=\"_wpcf7_unit_tag\" value=\"wpcf7-f84-o1\" \/><input type=\"hidden\" name=\"_wpcf7_container_post\" value=\"0\" \/><input type=\"hidden\" name=\"_wpcf7_posted_data_hash\" value=\"\" \/><input type=\"hidden\" name=\"_wpcf7_recaptcha_response\" value=\"\" \/>\n<\/fieldset>\n<div class=\"suscripcion-form\">\n\t<div>\n\t\t<p><label>Nombre (*)<\/label><span class=\"wpcf7-form-control-wrap\" data-name=\"your-name\"><input size=\"40\" maxlength=\"400\" class=\"wpcf7-form-control wpcf7-text wpcf7-validates-as-required form-control\" aria-required=\"true\" aria-invalid=\"false\" value=\"\" type=\"text\" name=\"your-name\" \/><\/span>\n\t\t<\/p>\n\t<\/div>\n\t<div>\n\t\t<p><label>Apellidos (*)<\/label><span class=\"wpcf7-form-control-wrap\" data-name=\"your-surname\"><input size=\"40\" maxlength=\"400\" class=\"wpcf7-form-control wpcf7-text wpcf7-validates-as-required form-control\" aria-required=\"true\" aria-invalid=\"false\" value=\"\" type=\"text\" name=\"your-surname\" \/><\/span>\n\t\t<\/p>\n\t<\/div>\n\t<div>\n\t\t<p><label>Email (*)<\/label><span class=\"wpcf7-form-control-wrap\" data-name=\"your-email\"><input size=\"40\" maxlength=\"400\" class=\"wpcf7-form-control wpcf7-email wpcf7-validates-as-required wpcf7-text wpcf7-validates-as-email form-control\" aria-required=\"true\" aria-invalid=\"false\" value=\"\" type=\"email\" name=\"your-email\" \/><\/span>\n\t\t<\/p>\n\t<\/div>\n\t<div>\n\t\t<p><label>C\u00f3digo Postal (*)<\/label><span class=\"wpcf7-form-control-wrap\" data-name=\"your-cp\"><input size=\"40\" maxlength=\"400\" class=\"wpcf7-form-control wpcf7-text wpcf7-validates-as-required form-control\" aria-required=\"true\" aria-invalid=\"false\" value=\"\" type=\"text\" name=\"your-cp\" \/><\/span>\n\t\t<\/p>\n\t<\/div>\n\t<div>\n\t\t<p><label style=\"top:0\">Fecha de nacimiento (*)<\/label><span class=\"wpcf7-form-control-wrap\" data-name=\"nacimiento\"><input class=\"wpcf7-form-control wpcf7-date wpcf7-validates-as-required wpcf7-validates-as-date form-control\" aria-required=\"true\" aria-invalid=\"false\" value=\"\" type=\"date\" name=\"nacimiento\" \/><\/span>\n\t\t<\/p>\n\t<\/div>\n\t<div>\n\t\t<p><label>Sexo (*)<\/label><span class=\"wpcf7-form-control-wrap\" data-name=\"sexo\"><select class=\"wpcf7-form-control wpcf7-select wpcf7-validates-as-required form-control\" aria-required=\"true\" aria-invalid=\"false\" name=\"sexo\"><option value=\"\">&#8212;Por favor, elige una opci\u00f3n&#8212;<\/option><option value=\"Hombre\">Hombre<\/option><option value=\"Mujer\">Mujer<\/option><\/select><\/span>\n\t\t<\/p>\n\t<\/div>\n<\/div>\n<p><span class=\"wpcf7-form-control-wrap\" data-name=\"rgpd\"><span class=\"wpcf7-form-control wpcf7-acceptance\"><span class=\"wpcf7-list-item\"><label><input type=\"checkbox\" name=\"rgpd\" value=\"1\" aria-invalid=\"false\" \/><span class=\"wpcf7-list-item-label\">Al marcar esta casilla <strong>consiento<\/strong> el tratamiento de mis datos personales para resolver mis dudas, consultas, quejas o sugerencias a trav\u00e9s de los medios ofrecidos al respecto por Carmila conforme se indica en esta <strong><a href=\"https:\/\/www.cc-carrefour-actur.com\/politica-de-privacidad\/\" target=\"_blank\" rel=\"noopener\">pol\u00edtica de privacidad<\/a><\/strong><\/span><\/label><\/span><\/span><\/span>\n<\/p>\n<p style=\"margin:0\"><input class=\"wpcf7-form-control wpcf7-submit has-spinner btn btn-primary mb-3\" type=\"submit\" value=\"Enviar\" \/>\n<\/p><div class=\"wpcf7-response-output\" aria-hidden=\"true\"><\/div>\n<\/form>\n<\/div>\n<br \/>\n                [\/vc_column_text]<br \/>\n            [\/vc_column]<br \/>\n        [\/vc_row]<br \/>\n        [vc_row]<br \/>\n            [vc_column]<br \/>\n                [vc_column_text]<\/p>\n<div style=\"font-size: 0.9rem;\">\n                        <strong>Informaci\u00f3n b\u00e1sica sobre protecci\u00f3n de datos:<\/strong><\/p>\n<ul>\n<li><strong>Responsable: <\/strong>Responsable Carmila Espa\u00f1a, S.L.U.,(\u00abCarmila\u00bb) con direcci\u00f3n en Avda. de la Transici\u00f3n Espa\u00f1ola, 34 Edificio B &#8211; Planta 4\u00aa (Parque Empresarial Omega) &#8211; 28108 Alcobendas (Madrid) y C.I.F. B-86772837<\/li>\n<li><strong>Categor\u00eda de datos: <\/strong>Datos de contacto y de car\u00e1cter identificativo y otros datos que Usted nos proporcione.<\/li>\n<li><strong>Finalidad: <\/strong>Gesti\u00f3n de sus dudas, sugerencias, consultas y opiniones.<\/li>\n<li><strong>Legitimaci\u00f3n: <\/strong>El consentimiento es la base legitimadora para el tratamiento de sus datos personales con el fin de resolver cualesquiera dudas, sugerencias o informaci\u00f3n adicional que tuviera en relaci\u00f3n con nuestra actividad.<\/li>\n<li><strong>Destinatarios (y transferencias internacionales): <\/strong>No cedemos los datos que nos facilita con ning\u00fan tercero ni son objeto de ninguna transferencia internacional.<\/li>\n<li><strong>Derechos: <\/strong>Puede ejercitar sus derechos de acceso, rectificaci\u00f3n, supresi\u00f3n, portabilidad y limitaci\u00f3n del tratamiento ante el responsable del tratamiento. Asimismo, podr\u00e1 revocar su consentimiento en cualquier momento mediante comunicaci\u00f3n dirigi\u00e9ndose al apartado de correos 1002, CP 28108, Alcobendas (Madrid) y mediante correo electr\u00f3nico a la siguiente direcci\u00f3n: derechosprotecciondedatos@carrefour.com<\/li>\n<li><strong>Procedencia: <\/strong>Solo tratamos los datos personales que Usted nos facilite.<\/li>\n<li><strong>Informaci\u00f3n adicional: <\/strong>Puede encontrar m\u00e1s informaci\u00f3n en el enlace: <a href=\"https:\/\/www.micentrocomercial.es\/alcala-henares\/politica-de-privacidad\/\" target=\"_blank\" rel=\"noopener\">pol\u00edtica de privacidad<\/a>.<\/li>\n<\/ul><\/div>\n<p>                [\/vc_column_text]<br \/>\n            [\/vc_column]<br \/>\n        [\/vc_row]<\/p>\n<\/div>","protected":false},"excerpt":{"rendered":"<p>[vc_row] [vc_column width=\u00bb1\/2&#8243;] [vc_column_text] [\/vc_column_text] [vc_column_text] \u00bfQuieres recibir todas las novedades en tu buz\u00f3n de correo? Si quieres estar al d\u00eda de todo lo que pasa en nuestro centro comercial, suscr\u00edbete a nuestro bolet\u00edn de noticias y se el primero en enterarte de todas las noticias, promociones especiales, sorteos y pr\u00f3ximos eventos. [\/vc_column_text] [\/vc_column] [vc_column [&hellip;]<\/p>\n","protected":false},"author":1,"featured_media":0,"parent":0,"menu_order":0,"comment_status":"closed","ping_status":"closed","template":"","meta":{"footnotes":""},"class_list":["post-11","page","type-page","status-publish","hentry"],"_links":{"self":[{"href":"https:\/\/www.micentrocomercial.es\/alcala-henares\/wp-json\/wp\/v2\/pages\/11","targetHints":{"allow":["GET"]}}],"collection":[{"href":"https:\/\/www.micentrocomercial.es\/alcala-henares\/wp-json\/wp\/v2\/pages"}],"about":[{"href":"https:\/\/www.micentrocomercial.es\/alcala-henares\/wp-json\/wp\/v2\/types\/page"}],"author":[{"embeddable":true,"href":"https:\/\/www.micentrocomercial.es\/alcala-henares\/wp-json\/wp\/v2\/users\/1"}],"replies":[{"embeddable":true,"href":"https:\/\/www.micentrocomercial.es\/alcala-henares\/wp-json\/wp\/v2\/comments?post=11"}],"version-history":[{"count":1,"href":"https:\/\/www.micentrocomercial.es\/alcala-henares\/wp-json\/wp\/v2\/pages\/11\/revisions"}],"predecessor-version":[{"id":85,"href":"https:\/\/www.micentrocomercial.es\/alcala-henares\/wp-json\/wp\/v2\/pages\/11\/revisions\/85"}],"wp:attachment":[{"href":"https:\/\/www.micentrocomercial.es\/alcala-henares\/wp-json\/wp\/v2\/media?parent=11"}],"curies":[{"name":"wp","href":"https:\/\/api.w.org\/{rel}","templated":true}]}}